{"id":19927,"date":"2024-12-26T11:19:56","date_gmt":"2024-12-26T10:19:56","guid":{"rendered":"https:\/\/www.nubeocho.com\/?post_type=product&#038;p=19927"},"modified":"2025-02-27T09:45:20","modified_gmt":"2025-02-27T08:45:20","slug":"una-casa-per-al-petit-os","status":"publish","type":"product","link":"https:\/\/www.nubeocho.com\/ca\/producte\/una-casa-per-al-petit-os\/","title":{"rendered":"Una casa per al Petit Os"},"content":{"rendered":"<p>El Petit Os es veu obligat a abandonar la casa on \u00e9s tan feli\u00e7 perqu\u00e8 deixa de ser segura. En el seu pelegrinatge buscant un lloc on refugiar-se, s\u2019intenta ficar a casa d\u2019altres animals que li recorden la seva cova, per\u00f2 en cap hi \u00e9s benvingut, i la Guineu, el Senglar i la Conilla li demanen que es busqui un altre lloc. Desesperat, arriba a un enorme bosc molt diferent del seu, on coneix altres animals que l\u2019ajudaran a sentir-se com a casa.<\/p>\n","protected":false},"excerpt":{"rendered":"<p class=\"p1\">Veure\u2019s obligat a marxar de casa \u00e9s dolor\u00f3s i injust, i trobar una nova llar on sentir-se segur requereix determinaci\u00f3 i la comprensi\u00f3 dels altres.<\/p>\n","protected":false},"featured_media":19928,"template":"","meta":[],"product_brand":[],"product_cat":[696,697],"product_tag":[1604,1626,1644,1638],"class_list":{"0":"post-19927","1":"product","2":"type-product","3":"status-publish","4":"has-post-thumbnail","6":"colecciones-colleccio-som8","7":"edades-3-ca","8":"product_cat-cataleg","9":"product_cat-llibre-illustrat","10":"product_tag-amistat","11":"product_tag-familia-ca","12":"product_tag-per-reflexionar","13":"product_tag-pors","15":"first","16":"instock","17":"taxable","18":"shipping-taxable","19":"product-type-simple"},"acf":[],"_links":{"self":[{"href":"https:\/\/www.nubeocho.com\/ca\/wp-json\/wp\/v2\/product\/19927","targetHints":{"allow":["GET"]}}],"collection":[{"href":"https:\/\/www.nubeocho.com\/ca\/wp-json\/wp\/v2\/product"}],"about":[{"href":"https:\/\/www.nubeocho.com\/ca\/wp-json\/wp\/v2\/types\/product"}],"wp:featuredmedia":[{"embeddable":true,"href":"https:\/\/www.nubeocho.com\/ca\/wp-json\/wp\/v2\/media\/19928"}],"wp:attachment":[{"href":"https:\/\/www.nubeocho.com\/ca\/wp-json\/wp\/v2\/media?parent=19927"}],"wp:term":[{"taxonomy":"product_brand","embeddable":true,"href":"https:\/\/www.nubeocho.com\/ca\/wp-json\/wp\/v2\/product_brand?post=19927"},{"taxonomy":"product_cat","embeddable":true,"href":"https:\/\/www.nubeocho.com\/ca\/wp-json\/wp\/v2\/product_cat?post=19927"},{"taxonomy":"product_tag","embeddable":true,"href":"https:\/\/www.nubeocho.com\/ca\/wp-json\/wp\/v2\/product_tag?post=19927"}],"curies":[{"name":"wp","href":"https:\/\/api.w.org\/{rel}","templated":true}]}}