{"id":19803,"date":"2024-04-15T11:21:04","date_gmt":"2024-04-15T09:21:04","guid":{"rendered":"https:\/\/www.nubeocho.com\/?post_type=product&#038;p=19803"},"modified":"2025-06-04T14:46:48","modified_gmt":"2025-06-04T12:46:48","slug":"el-viatge-de-la-candela","status":"publish","type":"product","link":"https:\/\/www.nubeocho.com\/ca\/producte\/el-viatge-de-la-candela\/","title":{"rendered":"El viatge de la Candela"},"content":{"rendered":"<p>La Candela no sap quin animal \u00e9s, acaba de n\u00e9ixer i no hi ha ning\u00fa com ella a prop. Es troba en Grill i l\u2019Arna, que li expliquen que \u00e9s un insecte, per\u00f2 no recorden quin. Ella creu que pot ser una estrella perqu\u00e8 t\u00e9 llum, com les que es veuen al cel.<\/p>\n<p>Aquella mateixa nit, una nena surt de casa amb el seu fanal perseguint les petites llums que il\u00b7luminen el bosc. En la foscor es trobaran i es faran amigues. La nena ajudar\u00e0 la Candela a entendre qui \u00e9s?<\/p>\n","protected":false},"excerpt":{"rendered":"<p>La Candela acaba de n\u00e9ixer i no sap ben b\u00e9 qu\u00e8 o qui \u00e9s. Potser \u00e9s una estrella? Al cap i a la fi, t\u00e9 llum com les estrelles.<\/p>\n","protected":false},"featured_media":19804,"template":"","meta":[],"product_brand":[],"product_cat":[696,697],"product_tag":[1604,1605,1614,1626],"class_list":{"0":"post-19803","1":"product","2":"type-product","3":"status-publish","4":"has-post-thumbnail","6":"colecciones-colleccio-som8","7":"edades-3-ca","8":"product_cat-cataleg","9":"product_cat-llibre-illustrat","10":"product_tag-amistat","11":"product_tag-autors-internacionals","12":"product_tag-diversitat","13":"product_tag-familia-ca","15":"first","16":"instock","17":"taxable","18":"shipping-taxable","19":"product-type-simple"},"acf":[],"_links":{"self":[{"href":"https:\/\/www.nubeocho.com\/ca\/wp-json\/wp\/v2\/product\/19803","targetHints":{"allow":["GET"]}}],"collection":[{"href":"https:\/\/www.nubeocho.com\/ca\/wp-json\/wp\/v2\/product"}],"about":[{"href":"https:\/\/www.nubeocho.com\/ca\/wp-json\/wp\/v2\/types\/product"}],"wp:featuredmedia":[{"embeddable":true,"href":"https:\/\/www.nubeocho.com\/ca\/wp-json\/wp\/v2\/media\/19804"}],"wp:attachment":[{"href":"https:\/\/www.nubeocho.com\/ca\/wp-json\/wp\/v2\/media?parent=19803"}],"wp:term":[{"taxonomy":"product_brand","embeddable":true,"href":"https:\/\/www.nubeocho.com\/ca\/wp-json\/wp\/v2\/product_brand?post=19803"},{"taxonomy":"product_cat","embeddable":true,"href":"https:\/\/www.nubeocho.com\/ca\/wp-json\/wp\/v2\/product_cat?post=19803"},{"taxonomy":"product_tag","embeddable":true,"href":"https:\/\/www.nubeocho.com\/ca\/wp-json\/wp\/v2\/product_tag?post=19803"}],"curies":[{"name":"wp","href":"https:\/\/api.w.org\/{rel}","templated":true}]}}