{"id":19716,"date":"2024-03-31T13:29:31","date_gmt":"2024-03-31T11:29:31","guid":{"rendered":"https:\/\/www.nubeocho.com\/?post_type=product&#038;p=19716"},"modified":"2024-12-17T12:13:57","modified_gmt":"2024-12-17T11:13:57","slug":"caca-pet-pipi-manual-per-anar-al-bany","status":"publish","type":"product","link":"https:\/\/www.nubeocho.com\/ca\/producte\/caca-pet-pipi-manual-per-anar-al-bany\/","title":{"rendered":"Caca, pet, pip\u00ed. Manual per anar al bany"},"content":{"rendered":"<p>El Koala celebra la seva festa d\u2019aniversari. Hi ha jocs, globus i menjar i begudes bon\u00edssims. S\u2019ho passaran d\u2019all\u00f2 m\u00e9s b\u00e9! Per\u00f2 cal tenir en compte altres necessitats&#8230;<\/p>\n<p>Hi ha diverses regles per anar al bany: no esperar-se fins a l\u2019\u00faltim moment (encara que t\u2019ho estiguis passant molt b\u00e9) perqu\u00e8 se\u2019t pot escapar, estirar la cadena, trucar abans d\u2019entrar, quant paper higi\u00e8nic cal fer servir&#8230; i molts altres consells.<\/p>\n","protected":false},"excerpt":{"rendered":"<p>Una manera molt divertida de donar consells \u00fatils a les nenes i als nens a l\u2019hora d\u2019anar al bany. Des de les instruccions m\u00e9s conegudes, com rentar-se les mans despr\u00e9s de fer pip\u00ed o caca, fins a com cal actuar si s\u2019escapa un petarr\u00f3 no desitjat.<\/p>\n","protected":false},"featured_media":19717,"template":"","meta":[],"product_brand":[],"product_cat":[696,697],"product_tag":[1604,1620,1623,1626],"class_list":{"0":"post-19716","1":"product","2":"type-product","3":"status-publish","4":"has-post-thumbnail","6":"colecciones-colleccio-som8","7":"edades-5-cat","8":"product_cat-cataleg","9":"product_cat-llibre-illustrat","10":"product_tag-amistat","11":"product_tag-emocions","12":"product_tag-escatologics","13":"product_tag-familia-ca","15":"first","16":"instock","17":"taxable","18":"shipping-taxable","19":"product-type-simple"},"acf":[],"_links":{"self":[{"href":"https:\/\/www.nubeocho.com\/ca\/wp-json\/wp\/v2\/product\/19716","targetHints":{"allow":["GET"]}}],"collection":[{"href":"https:\/\/www.nubeocho.com\/ca\/wp-json\/wp\/v2\/product"}],"about":[{"href":"https:\/\/www.nubeocho.com\/ca\/wp-json\/wp\/v2\/types\/product"}],"wp:featuredmedia":[{"embeddable":true,"href":"https:\/\/www.nubeocho.com\/ca\/wp-json\/wp\/v2\/media\/19717"}],"wp:attachment":[{"href":"https:\/\/www.nubeocho.com\/ca\/wp-json\/wp\/v2\/media?parent=19716"}],"wp:term":[{"taxonomy":"product_brand","embeddable":true,"href":"https:\/\/www.nubeocho.com\/ca\/wp-json\/wp\/v2\/product_brand?post=19716"},{"taxonomy":"product_cat","embeddable":true,"href":"https:\/\/www.nubeocho.com\/ca\/wp-json\/wp\/v2\/product_cat?post=19716"},{"taxonomy":"product_tag","embeddable":true,"href":"https:\/\/www.nubeocho.com\/ca\/wp-json\/wp\/v2\/product_tag?post=19716"}],"curies":[{"name":"wp","href":"https:\/\/api.w.org\/{rel}","templated":true}]}}