{"id":19629,"date":"2024-04-01T11:16:41","date_gmt":"2024-04-01T09:16:41","guid":{"rendered":"https:\/\/www.nubeocho.com\/?post_type=product&#038;p=19629"},"modified":"2024-12-26T08:28:01","modified_gmt":"2024-12-26T07:28:01","slug":"el-tresor-dels-dinosaures","status":"publish","type":"product","link":"https:\/\/www.nubeocho.com\/ca\/producte\/el-tresor-dels-dinosaures\/","title":{"rendered":"El tresor dels dinosaures"},"content":{"rendered":"<p>Tot buscant un gran tresor, el petit pirata Seraf\u00ed i la seva tripulaci\u00f3 arriben a una illa molt especial&#8230; plena de dinosaures! El pirata \u00e9s tan petit, tan petit que, despr\u00e9s de caure del niu d\u2019un pterod\u00e0ctil, acaba a la panxa d\u2019un braquiosaure!<\/p>\n<p>Noves aventures del valent capit\u00e0 Seraf\u00ed i la seva tripulaci\u00f3!<\/p>\n","protected":false},"excerpt":{"rendered":"<p>A vegades ser tan petit et permet ajudar els altres i fer nous amics, encara que siguin tan fero\u00e7os i enormes com un dinosaure.<\/p>\n","protected":false},"featured_media":19630,"template":"","meta":[],"product_brand":[],"product_cat":[696,697],"product_tag":[1604,1614,1632,1608],"class_list":{"0":"post-19629","1":"product","2":"type-product","3":"status-publish","4":"has-post-thumbnail","6":"colecciones-el-petit-pirata-serafi","7":"edades-4-ca","8":"product_cat-cataleg","9":"product_cat-llibre-illustrat","10":"product_tag-amistat","11":"product_tag-diversitat","12":"product_tag-humor-ca","13":"product_tag-noies-i-nois-pirata","15":"first","16":"instock","17":"taxable","18":"shipping-taxable","19":"product-type-simple"},"acf":[],"_links":{"self":[{"href":"https:\/\/www.nubeocho.com\/ca\/wp-json\/wp\/v2\/product\/19629","targetHints":{"allow":["GET"]}}],"collection":[{"href":"https:\/\/www.nubeocho.com\/ca\/wp-json\/wp\/v2\/product"}],"about":[{"href":"https:\/\/www.nubeocho.com\/ca\/wp-json\/wp\/v2\/types\/product"}],"wp:featuredmedia":[{"embeddable":true,"href":"https:\/\/www.nubeocho.com\/ca\/wp-json\/wp\/v2\/media\/19630"}],"wp:attachment":[{"href":"https:\/\/www.nubeocho.com\/ca\/wp-json\/wp\/v2\/media?parent=19629"}],"wp:term":[{"taxonomy":"product_brand","embeddable":true,"href":"https:\/\/www.nubeocho.com\/ca\/wp-json\/wp\/v2\/product_brand?post=19629"},{"taxonomy":"product_cat","embeddable":true,"href":"https:\/\/www.nubeocho.com\/ca\/wp-json\/wp\/v2\/product_cat?post=19629"},{"taxonomy":"product_tag","embeddable":true,"href":"https:\/\/www.nubeocho.com\/ca\/wp-json\/wp\/v2\/product_tag?post=19629"}],"curies":[{"name":"wp","href":"https:\/\/api.w.org\/{rel}","templated":true}]}}