{"id":19594,"date":"2024-03-25T09:01:56","date_gmt":"2024-03-25T08:01:56","guid":{"rendered":"https:\/\/www.nubeocho.com\/?post_type=product&#038;p=19594"},"modified":"2024-12-17T12:07:44","modified_gmt":"2024-12-17T11:07:44","slug":"marengrunes","status":"publish","type":"product","link":"https:\/\/www.nubeocho.com\/ca\/producte\/marengrunes\/","title":{"rendered":"Marengrunes"},"content":{"rendered":"<p>A la Paula li encanta cuinar, per\u00f2 tamb\u00e9 menjar, per aix\u00f2 els seus fills i les seves netes li diuen&#8230; Marengrunes!<br \/>\nUn bon dia, a la Marengrunes li van regalar un pollet, un pollet m\u00e0gic que l\u2019acompanyava sempre.<\/p>\n","protected":false},"excerpt":{"rendered":"<p>Aquesta \u00e9s la hist\u00f2ria d\u2019una mare i d\u2019una \u00e0via. Aquesta \u00e9s la hist\u00f2ria de la Marengrunes, per\u00f2 tamb\u00e9 dels seus guisats, del seu gos, dels seus fills i de les seves netes.<\/p>\n","protected":false},"featured_media":19595,"template":"","meta":[],"product_brand":[],"product_cat":[696,697],"product_tag":[1620,1626,1644],"class_list":{"0":"post-19594","1":"product","2":"type-product","3":"status-publish","4":"has-post-thumbnail","6":"colecciones-colleccio-som8","7":"edades-4-ca","8":"product_cat-cataleg","9":"product_cat-llibre-illustrat","10":"product_tag-emocions","11":"product_tag-familia-ca","12":"product_tag-per-reflexionar","14":"first","15":"instock","16":"taxable","17":"shipping-taxable","18":"product-type-simple"},"acf":[],"_links":{"self":[{"href":"https:\/\/www.nubeocho.com\/ca\/wp-json\/wp\/v2\/product\/19594","targetHints":{"allow":["GET"]}}],"collection":[{"href":"https:\/\/www.nubeocho.com\/ca\/wp-json\/wp\/v2\/product"}],"about":[{"href":"https:\/\/www.nubeocho.com\/ca\/wp-json\/wp\/v2\/types\/product"}],"wp:featuredmedia":[{"embeddable":true,"href":"https:\/\/www.nubeocho.com\/ca\/wp-json\/wp\/v2\/media\/19595"}],"wp:attachment":[{"href":"https:\/\/www.nubeocho.com\/ca\/wp-json\/wp\/v2\/media?parent=19594"}],"wp:term":[{"taxonomy":"product_brand","embeddable":true,"href":"https:\/\/www.nubeocho.com\/ca\/wp-json\/wp\/v2\/product_brand?post=19594"},{"taxonomy":"product_cat","embeddable":true,"href":"https:\/\/www.nubeocho.com\/ca\/wp-json\/wp\/v2\/product_cat?post=19594"},{"taxonomy":"product_tag","embeddable":true,"href":"https:\/\/www.nubeocho.com\/ca\/wp-json\/wp\/v2\/product_tag?post=19594"}],"curies":[{"name":"wp","href":"https:\/\/api.w.org\/{rel}","templated":true}]}}