{"id":19540,"date":"2024-03-11T10:53:22","date_gmt":"2024-03-11T09:53:22","guid":{"rendered":"https:\/\/www.nubeocho.com\/?post_type=product&#038;p=19540"},"modified":"2024-12-17T11:59:20","modified_gmt":"2024-12-17T10:59:20","slug":"la-gran-cursa-dels-animals","status":"publish","type":"product","link":"https:\/\/www.nubeocho.com\/ca\/producte\/la-gran-cursa-dels-animals\/","title":{"rendered":"La Gran Cursa dels Animals"},"content":{"rendered":"<p>S\u2019acosta la cursa anual del bosc i tots els animals s\u2019estan entrenant molt per participar-hi. B\u00e9, tots els animals no\u2026<\/p>\n<p>El Caragol li diu a la seva amiga Conilla que no vol c\u00f3rrer perqu\u00e8 sempre \u00e9s l\u2019\u00faltim a la competici\u00f3. Ella els reuneix a tots en una clariana del bosc per tra\u00e7ar un pla i animar el seu amic a participar-hi. Qu\u00e8 se\u2019ls acudir\u00e0 per ajudar-lo?<\/p>\n","protected":false},"excerpt":{"rendered":"<p>El Caragol pensa que no val la pena participar a la cursa, per\u00f2 els seus amics li mostraran el poder de l\u2019amistat. Qui guanyar\u00e0 la cursa aquest any?<\/p>\n","protected":false},"featured_media":19541,"template":"","meta":[],"product_brand":[],"product_cat":[696,697],"product_tag":[1604,1614],"class_list":{"0":"post-19540","1":"product","2":"type-product","3":"status-publish","4":"has-post-thumbnail","6":"colecciones-colleccio-som8","7":"edades-3-ca","8":"product_cat-cataleg","9":"product_cat-llibre-illustrat","10":"product_tag-amistat","11":"product_tag-diversitat","13":"first","14":"instock","15":"taxable","16":"shipping-taxable","17":"product-type-simple"},"acf":[],"_links":{"self":[{"href":"https:\/\/www.nubeocho.com\/ca\/wp-json\/wp\/v2\/product\/19540","targetHints":{"allow":["GET"]}}],"collection":[{"href":"https:\/\/www.nubeocho.com\/ca\/wp-json\/wp\/v2\/product"}],"about":[{"href":"https:\/\/www.nubeocho.com\/ca\/wp-json\/wp\/v2\/types\/product"}],"wp:featuredmedia":[{"embeddable":true,"href":"https:\/\/www.nubeocho.com\/ca\/wp-json\/wp\/v2\/media\/19541"}],"wp:attachment":[{"href":"https:\/\/www.nubeocho.com\/ca\/wp-json\/wp\/v2\/media?parent=19540"}],"wp:term":[{"taxonomy":"product_brand","embeddable":true,"href":"https:\/\/www.nubeocho.com\/ca\/wp-json\/wp\/v2\/product_brand?post=19540"},{"taxonomy":"product_cat","embeddable":true,"href":"https:\/\/www.nubeocho.com\/ca\/wp-json\/wp\/v2\/product_cat?post=19540"},{"taxonomy":"product_tag","embeddable":true,"href":"https:\/\/www.nubeocho.com\/ca\/wp-json\/wp\/v2\/product_tag?post=19540"}],"curies":[{"name":"wp","href":"https:\/\/api.w.org\/{rel}","templated":true}]}}