{"id":19442,"date":"2024-03-05T09:30:21","date_gmt":"2024-03-05T08:30:21","guid":{"rendered":"https:\/\/www.nubeocho.com\/?post_type=product&#038;p=19442"},"modified":"2025-10-07T10:49:57","modified_gmt":"2025-10-07T08:49:57","slug":"la-martina-futbolista","status":"publish","type":"product","link":"https:\/\/www.nubeocho.com\/ca\/producte\/la-martina-futbolista\/","title":{"rendered":"La Martina Futbolista"},"content":{"rendered":"<p>La Martina s\u2019uneix a l\u2019equip de futbol de la seva escola amb molta il\u00b7lusi\u00f3. \u00c9s molt bona defensa i est\u00e0 disposada a donar el millor d\u2019ella mateixa. Per\u00f2 despr\u00e9s del primer partit, comen\u00e7a a notar que el capit\u00e0 vol destacar i no juga en equip, i els jugadores no la consideren una igual pel fet de ser una nena.<br \/>\nLa Martina crear\u00e0 un altre equip de futbol m\u00e9s igualitari i divers, en qu\u00e8 jugaran i competiran sense oblidar-se de divertir-se.<\/p>\n<p>De la m\u00e0 de Susanna Isern, autora de <em>Daniela pirata<\/em>\u00a0(m\u00e9s de 180.000 lectors) i Marta Moreno, il\u00b7lustradora d\u2019<em>El fil invisible<\/em>\u00a0(m\u00e9s de 150.000 lectors).978-84-10074-45-3<\/p>\n","protected":false},"excerpt":{"rendered":"<p>Un llibre clau per parlar d\u2019 igualtat i de futbol!<\/p>\n<div class=\"datosLibro\">\n<div><\/div>\n<\/div>\n<div class=\"datosLibro\">\n<div><\/div>\n<\/div>\n","protected":false},"featured_media":19443,"template":"","meta":[],"product_brand":[],"product_cat":[696,697],"product_tag":[1604,1614,1635],"class_list":{"0":"post-19442","1":"product","2":"type-product","3":"status-publish","4":"has-post-thumbnail","6":"colecciones-egalite-ca","7":"edades-4-ca","8":"product_cat-cataleg","9":"product_cat-llibre-illustrat","10":"product_tag-amistat","11":"product_tag-diversitat","12":"product_tag-igualtat-feminisme","14":"first","15":"instock","16":"taxable","17":"shipping-taxable","18":"product-type-simple"},"acf":[],"_links":{"self":[{"href":"https:\/\/www.nubeocho.com\/ca\/wp-json\/wp\/v2\/product\/19442","targetHints":{"allow":["GET"]}}],"collection":[{"href":"https:\/\/www.nubeocho.com\/ca\/wp-json\/wp\/v2\/product"}],"about":[{"href":"https:\/\/www.nubeocho.com\/ca\/wp-json\/wp\/v2\/types\/product"}],"wp:featuredmedia":[{"embeddable":true,"href":"https:\/\/www.nubeocho.com\/ca\/wp-json\/wp\/v2\/media\/19443"}],"wp:attachment":[{"href":"https:\/\/www.nubeocho.com\/ca\/wp-json\/wp\/v2\/media?parent=19442"}],"wp:term":[{"taxonomy":"product_brand","embeddable":true,"href":"https:\/\/www.nubeocho.com\/ca\/wp-json\/wp\/v2\/product_brand?post=19442"},{"taxonomy":"product_cat","embeddable":true,"href":"https:\/\/www.nubeocho.com\/ca\/wp-json\/wp\/v2\/product_cat?post=19442"},{"taxonomy":"product_tag","embeddable":true,"href":"https:\/\/www.nubeocho.com\/ca\/wp-json\/wp\/v2\/product_tag?post=19442"}],"curies":[{"name":"wp","href":"https:\/\/api.w.org\/{rel}","templated":true}]}}