{"id":19299,"date":"2024-02-14T11:17:07","date_gmt":"2024-02-14T10:17:07","guid":{"rendered":"https:\/\/www.nubeocho.com\/?post_type=product&#038;p=19299"},"modified":"2024-12-16T14:48:41","modified_gmt":"2024-12-16T13:48:41","slug":"la-valentina-i-lanimal-perfecte","status":"publish","type":"product","link":"https:\/\/www.nubeocho.com\/ca\/producte\/la-valentina-i-lanimal-perfecte\/","title":{"rendered":"La Valentina i l\u2019animal perfecte"},"content":{"rendered":"<p>A l\u2019escola, la setmana que ve cada infant es disfressar\u00e0 del seu animal preferit. La Valentina vol anar de l\u2019\u201canimal perfecte\u201d. Per\u00f2, quin \u00e9s? Una ossa, una girafa, un elefant\u2026 la m\u00e9s valenta, el m\u00e9s alt, la m\u00e9s r\u00e0pida, la que vola millor&#8230;<\/p>\n","protected":false},"excerpt":{"rendered":"<p>Saps quin \u00e9s l\u2019animal perfecte? Vine a descobrir-ho amb la Valentina!<\/p>\n","protected":false},"featured_media":19300,"template":"","meta":[],"product_brand":[],"product_cat":[696,697],"product_tag":[1614],"class_list":{"0":"post-19299","1":"product","2":"type-product","3":"status-publish","4":"has-post-thumbnail","6":"colecciones-colleccio-som8","7":"edades-3-ca","8":"product_cat-cataleg","9":"product_cat-llibre-illustrat","10":"product_tag-diversitat","12":"first","13":"instock","14":"taxable","15":"shipping-taxable","16":"product-type-simple"},"acf":[],"_links":{"self":[{"href":"https:\/\/www.nubeocho.com\/ca\/wp-json\/wp\/v2\/product\/19299","targetHints":{"allow":["GET"]}}],"collection":[{"href":"https:\/\/www.nubeocho.com\/ca\/wp-json\/wp\/v2\/product"}],"about":[{"href":"https:\/\/www.nubeocho.com\/ca\/wp-json\/wp\/v2\/types\/product"}],"wp:featuredmedia":[{"embeddable":true,"href":"https:\/\/www.nubeocho.com\/ca\/wp-json\/wp\/v2\/media\/19300"}],"wp:attachment":[{"href":"https:\/\/www.nubeocho.com\/ca\/wp-json\/wp\/v2\/media?parent=19299"}],"wp:term":[{"taxonomy":"product_brand","embeddable":true,"href":"https:\/\/www.nubeocho.com\/ca\/wp-json\/wp\/v2\/product_brand?post=19299"},{"taxonomy":"product_cat","embeddable":true,"href":"https:\/\/www.nubeocho.com\/ca\/wp-json\/wp\/v2\/product_cat?post=19299"},{"taxonomy":"product_tag","embeddable":true,"href":"https:\/\/www.nubeocho.com\/ca\/wp-json\/wp\/v2\/product_tag?post=19299"}],"curies":[{"name":"wp","href":"https:\/\/api.w.org\/{rel}","templated":true}]}}