{"id":19261,"date":"2024-01-29T09:12:36","date_gmt":"2024-01-29T08:12:36","guid":{"rendered":"https:\/\/www.nubeocho.com\/?post_type=product&#038;p=19261"},"modified":"2025-09-09T12:40:49","modified_gmt":"2025-09-09T10:40:49","slug":"el-nuvol-de-la-greta","status":"publish","type":"product","link":"https:\/\/www.nubeocho.com\/ca\/producte\/el-nuvol-de-la-greta\/","title":{"rendered":"El n\u00favol de la Greta"},"content":{"rendered":"<p>La Greta \u00e9s al\u00b7l\u00e8rgica als animals i decideix tenir com a mascota un n\u00favol, fins i tot li posa un collar per treure\u2019l a passejar. Tenir un n\u00favol de mascota t\u00e9 moltes coses bones, com ajudar els ve\u00efns a regar o a apagar incendis\u2026<\/p>\n<p>Alguns ve\u00efns estan molt contents, per\u00f2 altres, en canvi, volen que la Greta es desempallegui del seu n\u00favol, perqu\u00e8 mai plou a gust de tothom! Al final, el poble est\u00e0 dividit entre els que volen el n\u00favol i els que no el volen. Hi haur\u00e0 alguna manera que es posin d\u2019acord?<\/p>\n","protected":false},"excerpt":{"rendered":"<p>La Greta vol tenir una mascota m\u00e9s que cap altra cosa al m\u00f3n, per\u00f2 \u00e9s al\u00b7l\u00e8rgica als animals\u2026<\/p>\n","protected":false},"featured_media":19262,"template":"","meta":[],"product_brand":[],"product_cat":[696,697],"product_tag":[1604,1620],"class_list":{"0":"post-19261","1":"product","2":"type-product","3":"status-publish","4":"has-post-thumbnail","6":"colecciones-colleccio-som8","7":"edades-3-ca","8":"product_cat-cataleg","9":"product_cat-llibre-illustrat","10":"product_tag-amistat","11":"product_tag-emocions","13":"first","14":"instock","15":"taxable","16":"shipping-taxable","17":"product-type-simple"},"acf":[],"_links":{"self":[{"href":"https:\/\/www.nubeocho.com\/ca\/wp-json\/wp\/v2\/product\/19261","targetHints":{"allow":["GET"]}}],"collection":[{"href":"https:\/\/www.nubeocho.com\/ca\/wp-json\/wp\/v2\/product"}],"about":[{"href":"https:\/\/www.nubeocho.com\/ca\/wp-json\/wp\/v2\/types\/product"}],"wp:featuredmedia":[{"embeddable":true,"href":"https:\/\/www.nubeocho.com\/ca\/wp-json\/wp\/v2\/media\/19262"}],"wp:attachment":[{"href":"https:\/\/www.nubeocho.com\/ca\/wp-json\/wp\/v2\/media?parent=19261"}],"wp:term":[{"taxonomy":"product_brand","embeddable":true,"href":"https:\/\/www.nubeocho.com\/ca\/wp-json\/wp\/v2\/product_brand?post=19261"},{"taxonomy":"product_cat","embeddable":true,"href":"https:\/\/www.nubeocho.com\/ca\/wp-json\/wp\/v2\/product_cat?post=19261"},{"taxonomy":"product_tag","embeddable":true,"href":"https:\/\/www.nubeocho.com\/ca\/wp-json\/wp\/v2\/product_tag?post=19261"}],"curies":[{"name":"wp","href":"https:\/\/api.w.org\/{rel}","templated":true}]}}