{"id":19193,"date":"2024-03-19T09:00:06","date_gmt":"2024-03-19T08:00:06","guid":{"rendered":"https:\/\/www.nubeocho.com\/?post_type=product&#038;p=19193"},"modified":"2024-12-17T12:05:23","modified_gmt":"2024-12-17T11:05:23","slug":"la-mare-pingui-es-la-millor-bb","status":"publish","type":"product","link":"https:\/\/www.nubeocho.com\/ca\/producte\/la-mare-pingui-es-la-millor-bb\/","title":{"rendered":"La Mare Ping\u00fc\u00ed \u00e9s la millor (Llibre de cartr\u00f3)"},"content":{"rendered":"<p class=\"ql-align-justify\">La Mare Ping\u00fc\u00ed surt a buscar el sopar. Salta, neda, escala un penya-segat rellisc\u00f3s i passa de puntetes&#8230; al costat d&#8217;unes ferotges foques que dormen! La Petita Ping\u00fc\u00ed la mira des de lluny i pregunta: \u00abTornar\u00e0 aviat la mare?\u00bb. \u00abSegur que s\u00ed\u00bb, li respon el Pare Ping\u00fc\u00ed.<\/p>\n<p class=\"ql-align-justify\">Aconseguir\u00e0 la Mare Ping\u00fc\u00ed reunir-se amb la seva fam\u00edlia a temps per sopar?<\/p>\n","protected":false},"excerpt":{"rendered":"<p>Un divertit i emocionant homenatge a totes les mares, del bestseller internacional Chris Haughton.<\/p>\n","protected":false},"featured_media":17213,"template":"","meta":[],"product_brand":[],"product_cat":[696,1154],"product_tag":[1605,1626,1632,1638],"class_list":{"0":"post-19193","1":"product","2":"type-product","3":"status-publish","4":"has-post-thumbnail","6":"colecciones-nuvol-de-cartro","7":"edades-0-cat","8":"product_cat-cataleg","9":"product_cat-llibre-de-cartro","10":"product_tag-autors-internacionals","11":"product_tag-familia-ca","12":"product_tag-humor-ca","13":"product_tag-pors","15":"first","16":"instock","17":"taxable","18":"shipping-taxable","19":"product-type-simple"},"acf":[],"_links":{"self":[{"href":"https:\/\/www.nubeocho.com\/ca\/wp-json\/wp\/v2\/product\/19193","targetHints":{"allow":["GET"]}}],"collection":[{"href":"https:\/\/www.nubeocho.com\/ca\/wp-json\/wp\/v2\/product"}],"about":[{"href":"https:\/\/www.nubeocho.com\/ca\/wp-json\/wp\/v2\/types\/product"}],"wp:featuredmedia":[{"embeddable":true,"href":"https:\/\/www.nubeocho.com\/ca\/wp-json\/wp\/v2\/media\/17213"}],"wp:attachment":[{"href":"https:\/\/www.nubeocho.com\/ca\/wp-json\/wp\/v2\/media?parent=19193"}],"wp:term":[{"taxonomy":"product_brand","embeddable":true,"href":"https:\/\/www.nubeocho.com\/ca\/wp-json\/wp\/v2\/product_brand?post=19193"},{"taxonomy":"product_cat","embeddable":true,"href":"https:\/\/www.nubeocho.com\/ca\/wp-json\/wp\/v2\/product_cat?post=19193"},{"taxonomy":"product_tag","embeddable":true,"href":"https:\/\/www.nubeocho.com\/ca\/wp-json\/wp\/v2\/product_tag?post=19193"}],"curies":[{"name":"wp","href":"https:\/\/api.w.org\/{rel}","templated":true}]}}