{"id":18765,"date":"2023-10-30T10:52:56","date_gmt":"2023-10-30T09:52:56","guid":{"rendered":"https:\/\/www.nubeocho.com\/?post_type=product&#038;p=18765"},"modified":"2024-03-08T13:15:39","modified_gmt":"2024-03-08T12:15:39","slug":"quan-el-sol-es-pon","status":"publish","type":"product","link":"https:\/\/www.nubeocho.com\/ca\/producte\/quan-el-sol-es-pon\/","title":{"rendered":"Quan el sol es pon"},"content":{"rendered":"<p>La Jirafeta, l\u2019Elefantet, el petit Lloro, el Tigre, el Rinoceront i la Gasela demanen a les seves fam\u00edlies (pare i mare, dos pares, dues mares, avis&#8230;) que s\u2019afanyin. El sol s\u2019est\u00e0 comen\u00e7ant a pondre i ha arribat l\u2019hora d\u2019anar a dormir.<\/p>\n<p>El llibre de cartr\u00f3 est\u00e0 escrit per l\u2019autora, narradora i psic\u00f2loga Alicia Acosta. La il\u00b7lustraci\u00f3, a c\u00e0rrec de Mar Ferrero, ens mostra fam\u00edlies diverses que en bicicleta, en monopat\u00ed, corrent i fins i tot en avioneta tornen a casa al final del dia.<\/p>\n","protected":false},"excerpt":{"rendered":"<p>Els animalons s\u2019afanyen molt a arribar a casa seva abans que es pongui el sol. Vine a con\u00e8ixer els diferents tipus de fam\u00edlies en aquest po\u00e8tic \u00a0llibre abans que arribi&#8230; l\u2019hora d\u2019anar a dormir!<\/p>\n","protected":false},"featured_media":18766,"template":"","meta":[],"product_brand":[],"product_cat":[696,1154],"product_tag":[1647,1614,1626],"class_list":{"0":"post-18765","1":"product","2":"type-product","3":"status-publish","4":"has-post-thumbnail","6":"colecciones-egalite-ca","7":"colecciones-nuvol-de-cartro","8":"edades-0-cat","9":"product_cat-cataleg","10":"product_cat-llibre-de-cartro","11":"product_tag-cartro","12":"product_tag-diversitat","13":"product_tag-familia-ca","15":"first","16":"instock","17":"taxable","18":"shipping-taxable","19":"product-type-simple"},"acf":[],"_links":{"self":[{"href":"https:\/\/www.nubeocho.com\/ca\/wp-json\/wp\/v2\/product\/18765","targetHints":{"allow":["GET"]}}],"collection":[{"href":"https:\/\/www.nubeocho.com\/ca\/wp-json\/wp\/v2\/product"}],"about":[{"href":"https:\/\/www.nubeocho.com\/ca\/wp-json\/wp\/v2\/types\/product"}],"wp:featuredmedia":[{"embeddable":true,"href":"https:\/\/www.nubeocho.com\/ca\/wp-json\/wp\/v2\/media\/18766"}],"wp:attachment":[{"href":"https:\/\/www.nubeocho.com\/ca\/wp-json\/wp\/v2\/media?parent=18765"}],"wp:term":[{"taxonomy":"product_brand","embeddable":true,"href":"https:\/\/www.nubeocho.com\/ca\/wp-json\/wp\/v2\/product_brand?post=18765"},{"taxonomy":"product_cat","embeddable":true,"href":"https:\/\/www.nubeocho.com\/ca\/wp-json\/wp\/v2\/product_cat?post=18765"},{"taxonomy":"product_tag","embeddable":true,"href":"https:\/\/www.nubeocho.com\/ca\/wp-json\/wp\/v2\/product_tag?post=18765"}],"curies":[{"name":"wp","href":"https:\/\/api.w.org\/{rel}","templated":true}]}}