{"id":18750,"date":"2023-10-30T10:22:35","date_gmt":"2023-10-30T09:22:35","guid":{"rendered":"https:\/\/www.nubeocho.com\/?post_type=product&#038;p=18750"},"modified":"2025-11-04T15:04:02","modified_gmt":"2025-11-04T14:04:02","slug":"com-baixa-el-pare-noel-per-les-xemeneies-2","status":"publish","type":"product","link":"https:\/\/www.nubeocho.com\/ca\/producte\/com-baixa-el-pare-noel-per-les-xemeneies-2\/","title":{"rendered":"Com baixa el Pare Noel per les xemeneies?"},"content":{"rendered":"<p>Com baixa el Pare Noel per la xemeneia? Qu\u00e8 passa si la casa no t\u00e9 xemeneia? Els rens l&#8217;ajuden a entrar? Una vegada dins, com \u00e9s que no ensopega amb els mobles si tot est\u00e0 a les fosques? I si a la casa hi ha gos, per qu\u00e8 no el borda? Aquest llibre ens resoldr\u00e0 tots els dubtes\u2026 O no. El m\u00e9s important \u00e9s que el Pare Noel continuar\u00e0 baixant per les xemeneies encara que no tinguem ni idea de com s&#8217;ho fa.<\/p>\n<p>Una divertida recopilaci\u00f3 d&#8217;explicacions infantils a la gran pregunta de Nadal, algunes possibles i altres esbojarrades, per\u00f2 totes molt divertides.<\/p>\n","protected":false},"excerpt":{"rendered":"<p>El t\u00e0ndem perfecte de Mac Barnett i Jon Klassen ens porta aquesta divertida hist\u00f2ria que tracta d&#8217;aclarir un dubte que tenen totes les nenes i els nens del m\u00f3n: com entra el Pare Noel a les cases?<\/p>\n","protected":false},"featured_media":18751,"template":"","meta":[],"product_brand":[],"product_cat":[696,697],"product_tag":[1605,1632,1704],"class_list":{"0":"post-18750","1":"product","2":"type-product","3":"status-publish","4":"has-post-thumbnail","6":"colecciones-colleccio-som8","7":"edades-3-ca","8":"product_cat-cataleg","9":"product_cat-llibre-illustrat","10":"product_tag-autors-internacionals","11":"product_tag-humor-ca","12":"product_tag-nadal","14":"first","15":"instock","16":"taxable","17":"shipping-taxable","18":"product-type-simple"},"acf":[],"_links":{"self":[{"href":"https:\/\/www.nubeocho.com\/ca\/wp-json\/wp\/v2\/product\/18750","targetHints":{"allow":["GET"]}}],"collection":[{"href":"https:\/\/www.nubeocho.com\/ca\/wp-json\/wp\/v2\/product"}],"about":[{"href":"https:\/\/www.nubeocho.com\/ca\/wp-json\/wp\/v2\/types\/product"}],"wp:featuredmedia":[{"embeddable":true,"href":"https:\/\/www.nubeocho.com\/ca\/wp-json\/wp\/v2\/media\/18751"}],"wp:attachment":[{"href":"https:\/\/www.nubeocho.com\/ca\/wp-json\/wp\/v2\/media?parent=18750"}],"wp:term":[{"taxonomy":"product_brand","embeddable":true,"href":"https:\/\/www.nubeocho.com\/ca\/wp-json\/wp\/v2\/product_brand?post=18750"},{"taxonomy":"product_cat","embeddable":true,"href":"https:\/\/www.nubeocho.com\/ca\/wp-json\/wp\/v2\/product_cat?post=18750"},{"taxonomy":"product_tag","embeddable":true,"href":"https:\/\/www.nubeocho.com\/ca\/wp-json\/wp\/v2\/product_tag?post=18750"}],"curies":[{"name":"wp","href":"https:\/\/api.w.org\/{rel}","templated":true}]}}