{"id":18720,"date":"2023-10-24T10:35:21","date_gmt":"2023-10-24T08:35:21","guid":{"rendered":"https:\/\/www.nubeocho.com\/?post_type=product&#038;p=18720"},"modified":"2023-10-24T11:00:48","modified_gmt":"2023-10-24T09:00:48","slug":"la-fada-rosa","status":"publish","type":"product","link":"https:\/\/www.nubeocho.com\/ca\/producte\/la-fada-rosa\/","title":{"rendered":"La fada Rosa"},"content":{"rendered":"<p>\u00abQuin desig tens, nena?\u00bb<\/p>\n<p>\u00abVull ser&#8230; jugadora de rugbi!\u00bb<\/p>\n<p>La fada Rosa est\u00e0 antiquada i no creu en la igualtat. Cada vegada que una nena o un nen li demanen un desig com aquest, la fada Rosa se\u2019n va enfadada sense complir-lo. Perqu\u00e8 ella pensa que hi ha \u201ccoses de nenes\u201d i \u201ccoses de nens\u201d.<\/p>\n<p>Aviat la fada s\u2019adona que ella tamb\u00e9 t\u00e9 un desig que potser no \u00e9s \u201cpropi d\u2019una fada\u201d. Les altres fades l\u2019ajudaran a fer-lo realitat? I qu\u00e8 passar\u00e0 amb els somnis no complerts dels nens i les nenes?<\/p>\n","protected":false},"excerpt":{"rendered":"<p>La fada Rosa est\u00e0 cansada de complir els desitjos de nens i nenes. A poc a poc, descobreix que el que realment li agrada \u00e9s\u2026 espantar-los!<\/p>\n","protected":false},"featured_media":18721,"template":"","meta":[],"product_brand":[],"product_cat":[696,697],"product_tag":[1605,1614,1635,1644],"class_list":{"0":"post-18720","1":"product","2":"type-product","3":"status-publish","4":"has-post-thumbnail","6":"colecciones-egalite-ca","7":"edades-3-ca","8":"product_cat-cataleg","9":"product_cat-llibre-illustrat","10":"product_tag-autors-internacionals","11":"product_tag-diversitat","12":"product_tag-igualtat-feminisme","13":"product_tag-per-reflexionar","15":"first","16":"instock","17":"taxable","18":"shipping-taxable","19":"product-type-simple"},"acf":[],"_links":{"self":[{"href":"https:\/\/www.nubeocho.com\/ca\/wp-json\/wp\/v2\/product\/18720","targetHints":{"allow":["GET"]}}],"collection":[{"href":"https:\/\/www.nubeocho.com\/ca\/wp-json\/wp\/v2\/product"}],"about":[{"href":"https:\/\/www.nubeocho.com\/ca\/wp-json\/wp\/v2\/types\/product"}],"wp:featuredmedia":[{"embeddable":true,"href":"https:\/\/www.nubeocho.com\/ca\/wp-json\/wp\/v2\/media\/18721"}],"wp:attachment":[{"href":"https:\/\/www.nubeocho.com\/ca\/wp-json\/wp\/v2\/media?parent=18720"}],"wp:term":[{"taxonomy":"product_brand","embeddable":true,"href":"https:\/\/www.nubeocho.com\/ca\/wp-json\/wp\/v2\/product_brand?post=18720"},{"taxonomy":"product_cat","embeddable":true,"href":"https:\/\/www.nubeocho.com\/ca\/wp-json\/wp\/v2\/product_cat?post=18720"},{"taxonomy":"product_tag","embeddable":true,"href":"https:\/\/www.nubeocho.com\/ca\/wp-json\/wp\/v2\/product_tag?post=18720"}],"curies":[{"name":"wp","href":"https:\/\/api.w.org\/{rel}","templated":true}]}}