{"id":18351,"date":"2023-10-02T09:55:08","date_gmt":"2023-10-02T07:55:08","guid":{"rendered":"https:\/\/www.nubeocho.com\/?post_type=product&#038;p=18351"},"modified":"2023-10-02T09:56:36","modified_gmt":"2023-10-02T07:56:36","slug":"una-momia-famelica","status":"publish","type":"product","link":"https:\/\/www.nubeocho.com\/ca\/producte\/una-momia-famelica\/","title":{"rendered":"Una m\u00f2mia fam\u00e8lica"},"content":{"rendered":"<p>La petita m\u00f2mia Enes es desperta dins de la foscor de la seva pir\u00e0mide perqu\u00e8 t\u00e9 gana, MOLTA GANA!<\/p>\n<p>Decideix sortir a comprovar si ja \u00e9s hora de dinar, per\u00f2 els turistes fugen esfere\u00efts en veure-la. Nom\u00e9s la Nessa, una nena petita, es queda. De seguida es fan amigues i decideixen ajudar-se per trobar, per una banda, la fam\u00edlia de la Nessa i, per l\u2019altra, menjar per a l\u2019Enes.<\/p>\n","protected":false},"excerpt":{"rendered":"<p>Andr\u00e9s i G\u00f3mez tornen a col\u00b7laborar en aquest divertid\u00edssim \u00e0lbum sobre una petita m\u00f2mia que aconseguir\u00e0 que les nenes i els nens deixin de tenir-li por.<\/p>\n","protected":false},"featured_media":18353,"template":"","meta":[],"product_brand":[],"product_cat":[696,697],"product_tag":[1604,1614,1626,1632],"class_list":{"0":"post-18351","1":"product","2":"type-product","3":"status-publish","4":"has-post-thumbnail","6":"colecciones-monstruosos-ca","7":"edades-3-ca","8":"product_cat-cataleg","9":"product_cat-llibre-illustrat","10":"product_tag-amistat","11":"product_tag-diversitat","12":"product_tag-familia-ca","13":"product_tag-humor-ca","15":"first","16":"instock","17":"taxable","18":"shipping-taxable","19":"product-type-simple"},"acf":[],"_links":{"self":[{"href":"https:\/\/www.nubeocho.com\/ca\/wp-json\/wp\/v2\/product\/18351","targetHints":{"allow":["GET"]}}],"collection":[{"href":"https:\/\/www.nubeocho.com\/ca\/wp-json\/wp\/v2\/product"}],"about":[{"href":"https:\/\/www.nubeocho.com\/ca\/wp-json\/wp\/v2\/types\/product"}],"wp:featuredmedia":[{"embeddable":true,"href":"https:\/\/www.nubeocho.com\/ca\/wp-json\/wp\/v2\/media\/18353"}],"wp:attachment":[{"href":"https:\/\/www.nubeocho.com\/ca\/wp-json\/wp\/v2\/media?parent=18351"}],"wp:term":[{"taxonomy":"product_brand","embeddable":true,"href":"https:\/\/www.nubeocho.com\/ca\/wp-json\/wp\/v2\/product_brand?post=18351"},{"taxonomy":"product_cat","embeddable":true,"href":"https:\/\/www.nubeocho.com\/ca\/wp-json\/wp\/v2\/product_cat?post=18351"},{"taxonomy":"product_tag","embeddable":true,"href":"https:\/\/www.nubeocho.com\/ca\/wp-json\/wp\/v2\/product_tag?post=18351"}],"curies":[{"name":"wp","href":"https:\/\/api.w.org\/{rel}","templated":true}]}}