{"id":18314,"date":"2023-09-25T13:06:19","date_gmt":"2023-09-25T11:06:19","guid":{"rendered":"https:\/\/www.nubeocho.com\/?post_type=product&#038;p=18314"},"modified":"2025-06-23T10:45:19","modified_gmt":"2025-06-23T08:45:19","slug":"el-dia-de-la-familia","status":"publish","type":"product","link":"https:\/\/www.nubeocho.com\/ca\/producte\/el-dia-de-la-familia\/","title":{"rendered":"El Dia de la Fam\u00edlia"},"content":{"rendered":"<p>A l\u2019escola, la mestra vol que els seus alumnes facin un dibuix per al Dia de la Fam\u00edlia i que hi retratin la seva. Alguns alumnes fan preguntes i la mestra els explica que hi ha molts nens i nenes sense pare, sense mare o sense cap dels dos. Tamb\u00e9 amb dos pares o dues mares, avis&#8230; i no per aix\u00f2 s\u2019han de quedar sense celebrar un dia especial. Totes les fam\u00edlies s\u00f3n v\u00e0lides i necess\u00e0ries, i a totes se les estima igual.<\/p>\n","protected":false},"excerpt":{"rendered":"<p>Un \u00e0lbum valent que promou el Dia de la Fam\u00edlia. Hi ha molts tipus de fam\u00edlies, per\u00f2 totes tenen una cosa en com\u00fa: l\u2019amor.<\/p>\n","protected":false},"featured_media":18322,"template":"","meta":[],"product_brand":[],"product_cat":[696,697],"product_tag":[1614,1620,1626,1644],"class_list":{"0":"post-18314","1":"product","2":"type-product","3":"status-publish","4":"has-post-thumbnail","6":"colecciones-egalite-ca","7":"edades-3-ca","8":"product_cat-cataleg","9":"product_cat-llibre-illustrat","10":"product_tag-diversitat","11":"product_tag-emocions","12":"product_tag-familia-ca","13":"product_tag-per-reflexionar","15":"first","16":"instock","17":"taxable","18":"shipping-taxable","19":"product-type-simple"},"acf":[],"_links":{"self":[{"href":"https:\/\/www.nubeocho.com\/ca\/wp-json\/wp\/v2\/product\/18314","targetHints":{"allow":["GET"]}}],"collection":[{"href":"https:\/\/www.nubeocho.com\/ca\/wp-json\/wp\/v2\/product"}],"about":[{"href":"https:\/\/www.nubeocho.com\/ca\/wp-json\/wp\/v2\/types\/product"}],"wp:featuredmedia":[{"embeddable":true,"href":"https:\/\/www.nubeocho.com\/ca\/wp-json\/wp\/v2\/media\/18322"}],"wp:attachment":[{"href":"https:\/\/www.nubeocho.com\/ca\/wp-json\/wp\/v2\/media?parent=18314"}],"wp:term":[{"taxonomy":"product_brand","embeddable":true,"href":"https:\/\/www.nubeocho.com\/ca\/wp-json\/wp\/v2\/product_brand?post=18314"},{"taxonomy":"product_cat","embeddable":true,"href":"https:\/\/www.nubeocho.com\/ca\/wp-json\/wp\/v2\/product_cat?post=18314"},{"taxonomy":"product_tag","embeddable":true,"href":"https:\/\/www.nubeocho.com\/ca\/wp-json\/wp\/v2\/product_tag?post=18314"}],"curies":[{"name":"wp","href":"https:\/\/api.w.org\/{rel}","templated":true}]}}