{"id":18221,"date":"2023-09-18T14:55:02","date_gmt":"2023-09-18T12:55:02","guid":{"rendered":"https:\/\/www.nubeocho.com\/?post_type=product&#038;p=18221"},"modified":"2024-12-27T09:06:59","modified_gmt":"2024-12-27T08:06:59","slug":"litus-super-m","status":"publish","type":"product","link":"https:\/\/www.nubeocho.com\/ca\/producte\/litus-super-m\/","title":{"rendered":"Litus S\u00faper M"},"content":{"rendered":"<p class=\"ql-align-justify\">En Litus vol ser un superheroi i aconsegueix una disfressa incre\u00efble. Decideix que es dir\u00e0 S\u00faper M, per les mosques, que li encanten. Per\u00f2 podr\u00e0 ser un superheroi si porta ulleres? Quin ser\u00e0 el seu superpoder? En Litus no en t\u00e9 cap dubte: vol ser invisible!<\/p>\n","protected":false},"excerpt":{"rendered":"<p>Despr\u00e9s d&#8217;aconseguir les seves ulleres a &#8220;Les ulleres d&#8217;en Litus &#8220;, ara en Litus vol ser un superheroi.<\/p>\n","protected":false},"featured_media":18222,"template":"","meta":[],"product_brand":[],"product_cat":[696,697],"product_tag":[1604,1626,1632],"class_list":{"0":"post-18221","1":"product","2":"type-product","3":"status-publish","4":"has-post-thumbnail","6":"colecciones-colleccio-som8","7":"edades-5-cat","8":"product_cat-cataleg","9":"product_cat-llibre-illustrat","10":"product_tag-amistat","11":"product_tag-familia-ca","12":"product_tag-humor-ca","14":"first","15":"instock","16":"taxable","17":"shipping-taxable","18":"product-type-simple"},"acf":[],"_links":{"self":[{"href":"https:\/\/www.nubeocho.com\/ca\/wp-json\/wp\/v2\/product\/18221","targetHints":{"allow":["GET"]}}],"collection":[{"href":"https:\/\/www.nubeocho.com\/ca\/wp-json\/wp\/v2\/product"}],"about":[{"href":"https:\/\/www.nubeocho.com\/ca\/wp-json\/wp\/v2\/types\/product"}],"wp:featuredmedia":[{"embeddable":true,"href":"https:\/\/www.nubeocho.com\/ca\/wp-json\/wp\/v2\/media\/18222"}],"wp:attachment":[{"href":"https:\/\/www.nubeocho.com\/ca\/wp-json\/wp\/v2\/media?parent=18221"}],"wp:term":[{"taxonomy":"product_brand","embeddable":true,"href":"https:\/\/www.nubeocho.com\/ca\/wp-json\/wp\/v2\/product_brand?post=18221"},{"taxonomy":"product_cat","embeddable":true,"href":"https:\/\/www.nubeocho.com\/ca\/wp-json\/wp\/v2\/product_cat?post=18221"},{"taxonomy":"product_tag","embeddable":true,"href":"https:\/\/www.nubeocho.com\/ca\/wp-json\/wp\/v2\/product_tag?post=18221"}],"curies":[{"name":"wp","href":"https:\/\/api.w.org\/{rel}","templated":true}]}}