{"id":18213,"date":"2023-09-18T14:50:14","date_gmt":"2023-09-18T12:50:14","guid":{"rendered":"https:\/\/www.nubeocho.com\/?post_type=product&#038;p=18213"},"modified":"2024-12-27T09:05:23","modified_gmt":"2024-12-27T08:05:23","slug":"les-ulleres-den-litus","status":"publish","type":"product","link":"https:\/\/www.nubeocho.com\/ca\/producte\/les-ulleres-den-litus\/","title":{"rendered":"Les ulleres d\u2019en Litus"},"content":{"rendered":"<p class=\"ql-align-justify\">En Litus vol que l&#8217;Agn\u00e8s es fixi desesperadament en ell. Per\u00f2, per molt que s&#8217;hi escarrassa, no ho aconsegueix. Un dia, l&#8217;Agn\u00e8s apareix a classe amb ulleres. Ell creu que aquest era el problema i que ara, finalment, el veur\u00e0. Per\u00f2 no hi ha manera&#8230; Aix\u00f2 s\u00ed, les ulleres de l&#8217;Agn\u00e8s han fet que tothom la miri. En Litus pensa que, si ell tamb\u00e9 port\u00e9s ulleres, l&#8217;Agn\u00e8s s&#8217;adonaria que existeix.<\/p>\n","protected":false},"excerpt":{"rendered":"<p>\u00c9s important saber mirar el que ens envolta. El primer llibre d&#8217;una tendra col\u00b7lecci\u00f3, de la m\u00e0 de Margarita del Mazo i de Guridi.<\/p>\n","protected":false},"featured_media":18220,"template":"","meta":[],"product_brand":[],"product_cat":[696,697],"product_tag":[1604,1620,1632],"class_list":{"0":"post-18213","1":"product","2":"type-product","3":"status-publish","4":"has-post-thumbnail","6":"colecciones-colleccio-som8","7":"edades-5-cat","8":"product_cat-cataleg","9":"product_cat-llibre-illustrat","10":"product_tag-amistat","11":"product_tag-emocions","12":"product_tag-humor-ca","14":"first","15":"instock","16":"taxable","17":"shipping-taxable","18":"product-type-simple"},"acf":[],"_links":{"self":[{"href":"https:\/\/www.nubeocho.com\/ca\/wp-json\/wp\/v2\/product\/18213","targetHints":{"allow":["GET"]}}],"collection":[{"href":"https:\/\/www.nubeocho.com\/ca\/wp-json\/wp\/v2\/product"}],"about":[{"href":"https:\/\/www.nubeocho.com\/ca\/wp-json\/wp\/v2\/types\/product"}],"wp:featuredmedia":[{"embeddable":true,"href":"https:\/\/www.nubeocho.com\/ca\/wp-json\/wp\/v2\/media\/18220"}],"wp:attachment":[{"href":"https:\/\/www.nubeocho.com\/ca\/wp-json\/wp\/v2\/media?parent=18213"}],"wp:term":[{"taxonomy":"product_brand","embeddable":true,"href":"https:\/\/www.nubeocho.com\/ca\/wp-json\/wp\/v2\/product_brand?post=18213"},{"taxonomy":"product_cat","embeddable":true,"href":"https:\/\/www.nubeocho.com\/ca\/wp-json\/wp\/v2\/product_cat?post=18213"},{"taxonomy":"product_tag","embeddable":true,"href":"https:\/\/www.nubeocho.com\/ca\/wp-json\/wp\/v2\/product_tag?post=18213"}],"curies":[{"name":"wp","href":"https:\/\/api.w.org\/{rel}","templated":true}]}}