{"id":18157,"date":"2023-09-11T08:47:41","date_gmt":"2023-09-11T06:47:41","guid":{"rendered":"https:\/\/www.nubeocho.com\/?post_type=product&#038;p=18157"},"modified":"2024-12-17T09:58:46","modified_gmt":"2024-12-17T08:58:46","slug":"carta-duna-mare","status":"publish","type":"product","link":"https:\/\/www.nubeocho.com\/ca\/producte\/carta-duna-mare\/","title":{"rendered":"Carta d&#8217;una mare"},"content":{"rendered":"<p>Una mare voldria protegir sempre la seva filla, per\u00f2 ent\u00e9n que no \u00e9s possible i que, tard o d\u2019hora, la seva filla s\u2019haur\u00e0 d\u2019enfrontar sola al m\u00f3n i caure per aprendre a aixecar-se. Per\u00f2, malgrat aix\u00f2, el cam\u00ed \u00e9s m\u00e9s f\u00e0cil amb el suport incondicional i la companyia indispensable d\u2019una mare.<\/p>\n<p>Un emocionant retrat del moment en qu\u00e8 els fills es fan grans i se\u2019ls ha de deixar de protegir i comen\u00e7ar a acompanyar-los.<\/p>\n","protected":false},"excerpt":{"rendered":"<p>Una carta preciosa i sentida d\u2019una mare a una filla.<br \/>\nQuan arriben els mals moments, una mare pot ser-hi, per\u00f2 no pot evitar que caiguem i aprenguem.<\/p>\n","protected":false},"featured_media":18158,"template":"","meta":[],"product_brand":[],"product_cat":[696,697],"product_tag":[1620,1626],"class_list":{"0":"post-18157","1":"product","2":"type-product","3":"status-publish","4":"has-post-thumbnail","6":"colecciones-colleccio-som8","7":"edades-8-cat","8":"product_cat-cataleg","9":"product_cat-llibre-illustrat","10":"product_tag-emocions","11":"product_tag-familia-ca","13":"first","14":"instock","15":"taxable","16":"shipping-taxable","17":"product-type-simple"},"acf":[],"_links":{"self":[{"href":"https:\/\/www.nubeocho.com\/ca\/wp-json\/wp\/v2\/product\/18157","targetHints":{"allow":["GET"]}}],"collection":[{"href":"https:\/\/www.nubeocho.com\/ca\/wp-json\/wp\/v2\/product"}],"about":[{"href":"https:\/\/www.nubeocho.com\/ca\/wp-json\/wp\/v2\/types\/product"}],"wp:featuredmedia":[{"embeddable":true,"href":"https:\/\/www.nubeocho.com\/ca\/wp-json\/wp\/v2\/media\/18158"}],"wp:attachment":[{"href":"https:\/\/www.nubeocho.com\/ca\/wp-json\/wp\/v2\/media?parent=18157"}],"wp:term":[{"taxonomy":"product_brand","embeddable":true,"href":"https:\/\/www.nubeocho.com\/ca\/wp-json\/wp\/v2\/product_brand?post=18157"},{"taxonomy":"product_cat","embeddable":true,"href":"https:\/\/www.nubeocho.com\/ca\/wp-json\/wp\/v2\/product_cat?post=18157"},{"taxonomy":"product_tag","embeddable":true,"href":"https:\/\/www.nubeocho.com\/ca\/wp-json\/wp\/v2\/product_tag?post=18157"}],"curies":[{"name":"wp","href":"https:\/\/api.w.org\/{rel}","templated":true}]}}