{"id":18047,"date":"2023-09-04T12:25:03","date_gmt":"2023-09-04T10:25:03","guid":{"rendered":"https:\/\/www.nubeocho.com\/?post_type=product&#038;p=18047"},"modified":"2025-06-25T12:53:52","modified_gmt":"2025-06-25T10:53:52","slug":"cercle","status":"publish","type":"product","link":"https:\/\/www.nubeocho.com\/ca\/producte\/cercle\/","title":{"rendered":"Cercle"},"content":{"rendered":"<p>En Quadrat i en Triangle van a visitar la seva amiga Cercle, que viu a prop d\u2019una cascada. Decideixen jugar a fet i amagar, per\u00f2 la Cercle hi posa una \u00fanica condici\u00f3: no s\u2019hi val amagar-se darrere de la cascada, perqu\u00e8 \u00e9s molt fosc i fa molta por. La Cercle tanca els ulls i compta: un, dos, tres&#8230; Quan els obre, en Quadrat l\u2019avisa que en Triangle s\u2019ha amagat darrere de la cascada. No pot ser! Ara l\u2019han d\u2019anar a buscar. Quines altres formes hi deu haver en la terrible foscor?<\/p>\n<p>Amb un ritme perfecte i un gran enginy, Mac Barnett i Jon Klassen tanquen el cercle de manera magistral a la trilogia de les formes amb aquest divertid\u00edssim \u00e0lbum il\u00b7lustrat.<\/p>\n","protected":false},"excerpt":{"rendered":"<p>Aquest llibre ens parla de la Cercle. I tamb\u00e9 dels seus amics Triangle i Quadrat. I de saltar-se les normes, de la por dels estranys i del poder de la imaginaci\u00f3.<\/p>\n<div class=\"datosLibro\">\n<div><\/div>\n<\/div>\n","protected":false},"featured_media":21344,"template":"","meta":[],"product_brand":[],"product_cat":[696,697],"product_tag":[1604,1605,1614,1620,1632],"class_list":{"0":"post-18047","1":"product","2":"type-product","3":"status-publish","4":"has-post-thumbnail","6":"colecciones-colleccio-som8","7":"edades-3-ca","8":"product_cat-cataleg","9":"product_cat-llibre-illustrat","10":"product_tag-amistat","11":"product_tag-autors-internacionals","12":"product_tag-diversitat","13":"product_tag-emocions","14":"product_tag-humor-ca","16":"first","17":"instock","18":"taxable","19":"shipping-taxable","20":"product-type-simple"},"acf":[],"_links":{"self":[{"href":"https:\/\/www.nubeocho.com\/ca\/wp-json\/wp\/v2\/product\/18047","targetHints":{"allow":["GET"]}}],"collection":[{"href":"https:\/\/www.nubeocho.com\/ca\/wp-json\/wp\/v2\/product"}],"about":[{"href":"https:\/\/www.nubeocho.com\/ca\/wp-json\/wp\/v2\/types\/product"}],"wp:featuredmedia":[{"embeddable":true,"href":"https:\/\/www.nubeocho.com\/ca\/wp-json\/wp\/v2\/media\/21344"}],"wp:attachment":[{"href":"https:\/\/www.nubeocho.com\/ca\/wp-json\/wp\/v2\/media?parent=18047"}],"wp:term":[{"taxonomy":"product_brand","embeddable":true,"href":"https:\/\/www.nubeocho.com\/ca\/wp-json\/wp\/v2\/product_brand?post=18047"},{"taxonomy":"product_cat","embeddable":true,"href":"https:\/\/www.nubeocho.com\/ca\/wp-json\/wp\/v2\/product_cat?post=18047"},{"taxonomy":"product_tag","embeddable":true,"href":"https:\/\/www.nubeocho.com\/ca\/wp-json\/wp\/v2\/product_tag?post=18047"}],"curies":[{"name":"wp","href":"https:\/\/api.w.org\/{rel}","templated":true}]}}