{"id":18026,"date":"2023-09-04T11:34:34","date_gmt":"2023-09-04T09:34:34","guid":{"rendered":"https:\/\/www.nubeocho.com\/?post_type=product&#038;p=18026"},"modified":"2025-06-25T12:42:16","modified_gmt":"2025-06-25T10:42:16","slug":"quadrat","status":"publish","type":"product","link":"https:\/\/www.nubeocho.com\/ca\/producte\/quadrat\/","title":{"rendered":"Quadrat"},"content":{"rendered":"<p>En Quadrat treu blocs d\u2019una cova i els puja per la muntanya fins que els col\u00b7loca al cim. \u00c9s la seva feina. La seva amiga Cercle el visita, li diu que \u00e9s un gran escultor, un geni! I li demana que faci una escultura d\u2019ella. Per\u00f2 en Quadrat \u00e9s un gran artista? Ell pensa que no, per\u00f2 tot i aix\u00ed&#8230; ho intenta.<\/p>\n<p>Els dos creadors de llibres infantils amb m\u00e9s talent de l\u2019actualitat, junts en aquest sorprenentment senzill i divertit \u00e0lbum il\u00b7lustrat que convida a la reflexi\u00f3.<\/p>\n","protected":false},"excerpt":{"rendered":"<p>Aquest llibre ens parla d\u2019en Quadrat. I de la seva amiga Cercle. I tamb\u00e9 de tenir els ulls i la ment ben oberts per trobar la bellesa on altres nom\u00e9s veuen roques i runa.<\/p>\n","protected":false},"featured_media":21342,"template":"","meta":[],"product_brand":[],"product_cat":[696,697],"product_tag":[1604,1605,1620,1632],"class_list":{"0":"post-18026","1":"product","2":"type-product","3":"status-publish","4":"has-post-thumbnail","6":"colecciones-colleccio-som8","7":"edades-3-ca","8":"product_cat-cataleg","9":"product_cat-llibre-illustrat","10":"product_tag-amistat","11":"product_tag-autors-internacionals","12":"product_tag-emocions","13":"product_tag-humor-ca","15":"first","16":"instock","17":"taxable","18":"shipping-taxable","19":"product-type-simple"},"acf":[],"_links":{"self":[{"href":"https:\/\/www.nubeocho.com\/ca\/wp-json\/wp\/v2\/product\/18026","targetHints":{"allow":["GET"]}}],"collection":[{"href":"https:\/\/www.nubeocho.com\/ca\/wp-json\/wp\/v2\/product"}],"about":[{"href":"https:\/\/www.nubeocho.com\/ca\/wp-json\/wp\/v2\/types\/product"}],"wp:featuredmedia":[{"embeddable":true,"href":"https:\/\/www.nubeocho.com\/ca\/wp-json\/wp\/v2\/media\/21342"}],"wp:attachment":[{"href":"https:\/\/www.nubeocho.com\/ca\/wp-json\/wp\/v2\/media?parent=18026"}],"wp:term":[{"taxonomy":"product_brand","embeddable":true,"href":"https:\/\/www.nubeocho.com\/ca\/wp-json\/wp\/v2\/product_brand?post=18026"},{"taxonomy":"product_cat","embeddable":true,"href":"https:\/\/www.nubeocho.com\/ca\/wp-json\/wp\/v2\/product_cat?post=18026"},{"taxonomy":"product_tag","embeddable":true,"href":"https:\/\/www.nubeocho.com\/ca\/wp-json\/wp\/v2\/product_tag?post=18026"}],"curies":[{"name":"wp","href":"https:\/\/api.w.org\/{rel}","templated":true}]}}