{"id":17980,"date":"2023-08-28T12:13:31","date_gmt":"2023-08-28T10:13:31","guid":{"rendered":"https:\/\/www.nubeocho.com\/?post_type=product&#038;p=17980"},"modified":"2023-08-28T12:14:26","modified_gmt":"2023-08-28T10:14:26","slug":"el-mirall-a-casa-de-la-mare-el-mirall-a-casa-del-pare","status":"publish","type":"product","link":"https:\/\/www.nubeocho.com\/ca\/producte\/el-mirall-a-casa-de-la-mare-el-mirall-a-casa-del-pare\/","title":{"rendered":"El mirall a casa de la mare \/ El mirall a casa del pare"},"content":{"rendered":"<p>Aquest llibre cont\u00e9 dues hist\u00f2ries. Pots obrir el llibre per la par de <em>La casa del pare<\/em> o per la de <em>La casa de la mare<\/em>.<br \/>\nA l\u2019habitaci\u00f3 del protagonista, a les seves dues cases, hi ha un mirall m\u00e0gic. I al centre del llibre les hist\u00f2ries s\u2019uneixen.<\/p>\n","protected":false},"excerpt":{"rendered":"<p>La mirada tendra d\u2019un nen que, a trav\u00e9s d\u2019un mirall, uneix els diferents mons que comparteix amb el seu pare i amb la seva mare en un relat emocional ple d\u2019optimisme.<\/p>\n","protected":false},"featured_media":17979,"template":"","meta":[],"product_brand":[],"product_cat":[696,697],"product_tag":[1626,1644],"class_list":{"0":"post-17980","1":"product","2":"type-product","3":"status-publish","4":"has-post-thumbnail","6":"colecciones-colleccio-som8","7":"edades-4-ca","8":"product_cat-cataleg","9":"product_cat-llibre-illustrat","10":"product_tag-familia-ca","11":"product_tag-per-reflexionar","13":"first","14":"instock","15":"product-type-simple"},"acf":[],"_links":{"self":[{"href":"https:\/\/www.nubeocho.com\/ca\/wp-json\/wp\/v2\/product\/17980","targetHints":{"allow":["GET"]}}],"collection":[{"href":"https:\/\/www.nubeocho.com\/ca\/wp-json\/wp\/v2\/product"}],"about":[{"href":"https:\/\/www.nubeocho.com\/ca\/wp-json\/wp\/v2\/types\/product"}],"wp:featuredmedia":[{"embeddable":true,"href":"https:\/\/www.nubeocho.com\/ca\/wp-json\/wp\/v2\/media\/17979"}],"wp:attachment":[{"href":"https:\/\/www.nubeocho.com\/ca\/wp-json\/wp\/v2\/media?parent=17980"}],"wp:term":[{"taxonomy":"product_brand","embeddable":true,"href":"https:\/\/www.nubeocho.com\/ca\/wp-json\/wp\/v2\/product_brand?post=17980"},{"taxonomy":"product_cat","embeddable":true,"href":"https:\/\/www.nubeocho.com\/ca\/wp-json\/wp\/v2\/product_cat?post=17980"},{"taxonomy":"product_tag","embeddable":true,"href":"https:\/\/www.nubeocho.com\/ca\/wp-json\/wp\/v2\/product_tag?post=17980"}],"curies":[{"name":"wp","href":"https:\/\/api.w.org\/{rel}","templated":true}]}}