{"id":17962,"date":"2023-08-28T11:57:21","date_gmt":"2023-08-28T09:57:21","guid":{"rendered":"https:\/\/www.nubeocho.com\/?post_type=product&#038;p=17962"},"modified":"2023-08-28T11:57:22","modified_gmt":"2023-08-28T09:57:22","slug":"la-lola-apren-ioga","status":"publish","type":"product","link":"https:\/\/www.nubeocho.com\/ca\/producte\/la-lola-apren-ioga\/","title":{"rendered":"La Lola apr\u00e8n ioga"},"content":{"rendered":"<p>La Lola \u00e9s una conilleta somniadora, molt inquieta i una mica entremaliada que saltironeja tot el dia. A ella li agradaria estar m\u00e9s tranquil\u00b7la, per\u00f2 les seves cames comencen a moure&#8217;s i no pot parar de fer salts!<\/p>\n<p>El seu avi decideix fer ioga amb els seus n\u00e9ts. Els ensenya diverses postures, per\u00f2 la Lola es despista f\u00e0cilment, no deixa de riure i de moure&#8217;s\u2026 Fins que comen\u00e7a a seguir una papallona i es perd al bosc. S&#8217;espanta molt i es posa nerviosa, per\u00f2 i si les postures de ioga la poguessin ajudar a tranquil\u00b7litzar-se i trobar el cam\u00ed de tornada a casa?<\/p>\n","protected":false},"excerpt":{"rendered":"<p>La Lola \u00e9s una conilleta inquieta. Quan el seu avi li diu que \u00e9s hora de fer ioga, ella ho intenta, per\u00f2 no es pot concentrar. Potser tot el que ha apr\u00e8s l&#8217;ajudi ben&#8230;<\/p>\n","protected":false},"featured_media":17964,"template":"","meta":[],"product_brand":[],"product_cat":[696,697],"product_tag":[1605,1620,1644],"class_list":{"0":"post-17962","1":"product","2":"type-product","3":"status-publish","4":"has-post-thumbnail","6":"colecciones-colleccio-som8","7":"edades-3-ca","8":"product_cat-cataleg","9":"product_cat-llibre-illustrat","10":"product_tag-autors-internacionals","11":"product_tag-emocions","12":"product_tag-per-reflexionar","14":"first","15":"instock","16":"taxable","17":"shipping-taxable","18":"product-type-simple"},"acf":[],"_links":{"self":[{"href":"https:\/\/www.nubeocho.com\/ca\/wp-json\/wp\/v2\/product\/17962","targetHints":{"allow":["GET"]}}],"collection":[{"href":"https:\/\/www.nubeocho.com\/ca\/wp-json\/wp\/v2\/product"}],"about":[{"href":"https:\/\/www.nubeocho.com\/ca\/wp-json\/wp\/v2\/types\/product"}],"wp:featuredmedia":[{"embeddable":true,"href":"https:\/\/www.nubeocho.com\/ca\/wp-json\/wp\/v2\/media\/17964"}],"wp:attachment":[{"href":"https:\/\/www.nubeocho.com\/ca\/wp-json\/wp\/v2\/media?parent=17962"}],"wp:term":[{"taxonomy":"product_brand","embeddable":true,"href":"https:\/\/www.nubeocho.com\/ca\/wp-json\/wp\/v2\/product_brand?post=17962"},{"taxonomy":"product_cat","embeddable":true,"href":"https:\/\/www.nubeocho.com\/ca\/wp-json\/wp\/v2\/product_cat?post=17962"},{"taxonomy":"product_tag","embeddable":true,"href":"https:\/\/www.nubeocho.com\/ca\/wp-json\/wp\/v2\/product_tag?post=17962"}],"curies":[{"name":"wp","href":"https:\/\/api.w.org\/{rel}","templated":true}]}}