{"id":17642,"date":"2023-04-13T14:04:40","date_gmt":"2023-04-13T12:04:40","guid":{"rendered":"https:\/\/www.nubeocho.com\/?post_type=product&#038;p=17642"},"modified":"2023-05-24T09:02:57","modified_gmt":"2023-05-24T07:02:57","slug":"el-vermell-no-esta-empipat-el-blau-no-esta-trist","status":"publish","type":"product","link":"https:\/\/www.nubeocho.com\/ca\/producte\/el-vermell-no-esta-empipat-el-blau-no-esta-trist\/","title":{"rendered":"El vermell no est\u00e0 empipat, el blau no est\u00e0 trist"},"content":{"rendered":"<p>El guillot arriba al parc i els seus amics li pregunten molt preocupats si es troba b\u00e9. Ell est\u00e0 feli\u00e7 i no ent\u00e9n qu\u00e8 passa. Tots estan confosos perqu\u00e8 el guillot porta una samarreta blava, i pensen que el blau \u00e9s el color de la tristesa. La seva amiga ossa li posa immediatament un jersei groc. I quan diu que necessita calma li posaran una cosa verda, fins que el guillot es desespera. Per\u00f2 que no poden ser lliures els colors? Podem gaudir d&#8217;ells sense vincular-los a una emoci\u00f3 concreta?<\/p>\n<p>Luis Amavisca i Alicia Acosta, junts de nou despr\u00e9s de <em>Visca les ungles de colors!<\/em> i <em>La nina d&#8217;en Lluc<\/em>, en un llibre que parla de la llibertat dels colors. Un color no t\u00e9 per qu\u00e8 simbolitzar una emoci\u00f3. Aix\u00f2 ens limita i ens treu llibertat.<\/p>\n","protected":false},"excerpt":{"rendered":"<p>A aquests amics els agraden tots els colors. \u00c9s el vermell el color de l&#8217;empipament? \u00c9s el blau el color de la tristesa? Aquest divertit grup descobrir\u00e0 que no \u00e9s aix\u00ed.<\/p>\n","protected":false},"featured_media":17644,"template":"","meta":[],"product_brand":[],"product_cat":[696,697],"product_tag":[1604,1614,1620,1632],"class_list":{"0":"post-17642","1":"product","2":"type-product","3":"status-publish","4":"has-post-thumbnail","6":"colecciones-colleccio-som8","7":"edades-3-ca","8":"product_cat-cataleg","9":"product_cat-llibre-illustrat","10":"product_tag-amistat","11":"product_tag-diversitat","12":"product_tag-emocions","13":"product_tag-humor-ca","15":"first","16":"instock","17":"taxable","18":"shipping-taxable","19":"product-type-simple"},"acf":[],"_links":{"self":[{"href":"https:\/\/www.nubeocho.com\/ca\/wp-json\/wp\/v2\/product\/17642","targetHints":{"allow":["GET"]}}],"collection":[{"href":"https:\/\/www.nubeocho.com\/ca\/wp-json\/wp\/v2\/product"}],"about":[{"href":"https:\/\/www.nubeocho.com\/ca\/wp-json\/wp\/v2\/types\/product"}],"wp:featuredmedia":[{"embeddable":true,"href":"https:\/\/www.nubeocho.com\/ca\/wp-json\/wp\/v2\/media\/17644"}],"wp:attachment":[{"href":"https:\/\/www.nubeocho.com\/ca\/wp-json\/wp\/v2\/media?parent=17642"}],"wp:term":[{"taxonomy":"product_brand","embeddable":true,"href":"https:\/\/www.nubeocho.com\/ca\/wp-json\/wp\/v2\/product_brand?post=17642"},{"taxonomy":"product_cat","embeddable":true,"href":"https:\/\/www.nubeocho.com\/ca\/wp-json\/wp\/v2\/product_cat?post=17642"},{"taxonomy":"product_tag","embeddable":true,"href":"https:\/\/www.nubeocho.com\/ca\/wp-json\/wp\/v2\/product_tag?post=17642"}],"curies":[{"name":"wp","href":"https:\/\/api.w.org\/{rel}","templated":true}]}}