{"id":17619,"date":"2023-03-24T12:00:41","date_gmt":"2023-03-24T11:00:41","guid":{"rendered":"https:\/\/www.nubeocho.com\/?post_type=product&#038;p=17619"},"modified":"2023-04-05T13:03:13","modified_gmt":"2023-04-05T11:03:13","slug":"que-vols-ser-de-gran","status":"publish","type":"product","link":"https:\/\/www.nubeocho.com\/ca\/producte\/que-vols-ser-de-gran\/","title":{"rendered":"Qu\u00e8 vols ser de gran?"},"content":{"rendered":"<p>T\u2019agrada embrutar-te? Aleshores potser vols ser veterinari, jardinera o lampista\u2026 T\u2019agrada fer soroll? Doncs potser podries ser cantant d\u2019\u00f2pera o pirot\u00e8cnica. Vols resoldre misteris? Aleshores podries ser espia o arque\u00f2leg. Tant se val qu\u00e8 escullis, el que realment importa \u00e9s que siguis tu mateixa o tu mateix!<\/p>\n","protected":false},"excerpt":{"rendered":"<p>Un divertit recorregut per diferents professions per ajudar als m\u00e9s petits a descobrir qu\u00e8 els fa feli\u00e7os perqu\u00e8 gaudeixin de la seva feina quan siguin grans.<\/p>\n","protected":false},"featured_media":17620,"template":"","meta":[],"product_brand":[],"product_cat":[696,697],"product_tag":[1605,1632,1644],"class_list":{"0":"post-17619","1":"product","2":"type-product","3":"status-publish","4":"has-post-thumbnail","6":"colecciones-colleccio-som8","7":"edades-3-ca","8":"product_cat-cataleg","9":"product_cat-llibre-illustrat","10":"product_tag-autors-internacionals","11":"product_tag-humor-ca","12":"product_tag-per-reflexionar","14":"first","15":"instock","16":"taxable","17":"shipping-taxable","18":"product-type-simple"},"acf":[],"_links":{"self":[{"href":"https:\/\/www.nubeocho.com\/ca\/wp-json\/wp\/v2\/product\/17619","targetHints":{"allow":["GET"]}}],"collection":[{"href":"https:\/\/www.nubeocho.com\/ca\/wp-json\/wp\/v2\/product"}],"about":[{"href":"https:\/\/www.nubeocho.com\/ca\/wp-json\/wp\/v2\/types\/product"}],"wp:featuredmedia":[{"embeddable":true,"href":"https:\/\/www.nubeocho.com\/ca\/wp-json\/wp\/v2\/media\/17620"}],"wp:attachment":[{"href":"https:\/\/www.nubeocho.com\/ca\/wp-json\/wp\/v2\/media?parent=17619"}],"wp:term":[{"taxonomy":"product_brand","embeddable":true,"href":"https:\/\/www.nubeocho.com\/ca\/wp-json\/wp\/v2\/product_brand?post=17619"},{"taxonomy":"product_cat","embeddable":true,"href":"https:\/\/www.nubeocho.com\/ca\/wp-json\/wp\/v2\/product_cat?post=17619"},{"taxonomy":"product_tag","embeddable":true,"href":"https:\/\/www.nubeocho.com\/ca\/wp-json\/wp\/v2\/product_tag?post=17619"}],"curies":[{"name":"wp","href":"https:\/\/api.w.org\/{rel}","templated":true}]}}