{"id":17574,"date":"2023-08-28T12:03:37","date_gmt":"2023-08-28T10:03:37","guid":{"rendered":"https:\/\/www.nubeocho.com\/?post_type=product&#038;p=17574"},"modified":"2025-06-02T14:13:06","modified_gmt":"2025-06-02T12:13:06","slug":"el-ratoli-que-menjava-contes","status":"publish","type":"product","link":"https:\/\/www.nubeocho.com\/ca\/producte\/el-ratoli-que-menjava-contes\/","title":{"rendered":"El ratol\u00ed que menjava contes"},"content":{"rendered":"<p>El ratol\u00ed Sim\u00f3 \u00e9s petit\u00f3, orellut, baixet i bigotut. A m\u00e9s a m\u00e9s, sempre t\u00e9 molta gana. Per\u00f2 res del que prova el sacia, fins que arriba a una llibreria i es menja les p\u00e0gines dels llibres. Per primera vegada, sent l&#8217;est\u00f3mac ple. La llibretera i el ratol\u00ed arriben a un acord: ella li llegir\u00e0 hist\u00f2ries i ell l&#8217;ajudar\u00e0 a la llibreria.<\/p>\n<p>Un \u00e0lbum il\u00b7lustrat sobre l&#8217;amor per la lectura i un bonic homenatge a les llibreteres, llibreters, bibliotec\u00e0ries i bibliotecaris.<\/p>\n","protected":false},"excerpt":{"rendered":"<p>Una hist\u00f2ria d&#8217;amistat entre una llibretera i un ratol\u00ed amb molta fam d&#8217;hist\u00f2ries.<\/p>\n","protected":false},"featured_media":21290,"template":"","meta":[],"product_brand":[],"product_cat":[696,697],"product_tag":[1604,1605],"class_list":{"0":"post-17574","1":"product","2":"type-product","3":"status-publish","4":"has-post-thumbnail","6":"colecciones-colleccio-som8","7":"edades-3-ca","8":"product_cat-cataleg","9":"product_cat-llibre-illustrat","10":"product_tag-amistat","11":"product_tag-autors-internacionals","13":"first","14":"instock","15":"taxable","16":"shipping-taxable","17":"product-type-simple"},"acf":[],"_links":{"self":[{"href":"https:\/\/www.nubeocho.com\/ca\/wp-json\/wp\/v2\/product\/17574","targetHints":{"allow":["GET"]}}],"collection":[{"href":"https:\/\/www.nubeocho.com\/ca\/wp-json\/wp\/v2\/product"}],"about":[{"href":"https:\/\/www.nubeocho.com\/ca\/wp-json\/wp\/v2\/types\/product"}],"wp:featuredmedia":[{"embeddable":true,"href":"https:\/\/www.nubeocho.com\/ca\/wp-json\/wp\/v2\/media\/21290"}],"wp:attachment":[{"href":"https:\/\/www.nubeocho.com\/ca\/wp-json\/wp\/v2\/media?parent=17574"}],"wp:term":[{"taxonomy":"product_brand","embeddable":true,"href":"https:\/\/www.nubeocho.com\/ca\/wp-json\/wp\/v2\/product_brand?post=17574"},{"taxonomy":"product_cat","embeddable":true,"href":"https:\/\/www.nubeocho.com\/ca\/wp-json\/wp\/v2\/product_cat?post=17574"},{"taxonomy":"product_tag","embeddable":true,"href":"https:\/\/www.nubeocho.com\/ca\/wp-json\/wp\/v2\/product_tag?post=17574"}],"curies":[{"name":"wp","href":"https:\/\/api.w.org\/{rel}","templated":true}]}}