{"id":17459,"date":"2023-02-21T11:03:02","date_gmt":"2023-02-21T10:03:02","guid":{"rendered":"https:\/\/www.nubeocho.com\/?post_type=product&#038;p=17459"},"modified":"2023-03-02T10:46:38","modified_gmt":"2023-03-02T09:46:38","slug":"una-familia-comenca-amb-un-desig","status":"publish","type":"product","link":"https:\/\/www.nubeocho.com\/ca\/producte\/una-familia-comenca-amb-un-desig\/","title":{"rendered":"Una fam\u00edlia comen\u00e7a amb un desig"},"content":{"rendered":"<p>A mesura que creix el desig de tenir un fill o una filla, tamb\u00e9 ho fan els reptes que han d&#8217;afrontar aquesta parella d&#8217;elefants. I nom\u00e9s despr\u00e9s de fer molts plans, i d&#8217;una amarga decepci\u00f3, el desig es converteix, a la fi, en realitat.<\/p>\n","protected":false},"excerpt":{"rendered":"<p>Una dol\u00e7a i senzilla hist\u00f2ria que celebra la profunda alegria de convertir-se en pare o mare.<\/p>\n","protected":false},"featured_media":17460,"template":"","meta":[],"product_brand":[],"product_cat":[696,697],"product_tag":[1605,1620,1626],"class_list":{"0":"post-17459","1":"product","2":"type-product","3":"status-publish","4":"has-post-thumbnail","6":"colecciones-colleccio-som8","7":"edades-3-ca","8":"product_cat-cataleg","9":"product_cat-llibre-illustrat","10":"product_tag-autors-internacionals","11":"product_tag-emocions","12":"product_tag-familia-ca","14":"first","15":"instock","16":"taxable","17":"shipping-taxable","18":"product-type-simple"},"acf":[],"_links":{"self":[{"href":"https:\/\/www.nubeocho.com\/ca\/wp-json\/wp\/v2\/product\/17459","targetHints":{"allow":["GET"]}}],"collection":[{"href":"https:\/\/www.nubeocho.com\/ca\/wp-json\/wp\/v2\/product"}],"about":[{"href":"https:\/\/www.nubeocho.com\/ca\/wp-json\/wp\/v2\/types\/product"}],"wp:featuredmedia":[{"embeddable":true,"href":"https:\/\/www.nubeocho.com\/ca\/wp-json\/wp\/v2\/media\/17460"}],"wp:attachment":[{"href":"https:\/\/www.nubeocho.com\/ca\/wp-json\/wp\/v2\/media?parent=17459"}],"wp:term":[{"taxonomy":"product_brand","embeddable":true,"href":"https:\/\/www.nubeocho.com\/ca\/wp-json\/wp\/v2\/product_brand?post=17459"},{"taxonomy":"product_cat","embeddable":true,"href":"https:\/\/www.nubeocho.com\/ca\/wp-json\/wp\/v2\/product_cat?post=17459"},{"taxonomy":"product_tag","embeddable":true,"href":"https:\/\/www.nubeocho.com\/ca\/wp-json\/wp\/v2\/product_tag?post=17459"}],"curies":[{"name":"wp","href":"https:\/\/api.w.org\/{rel}","templated":true}]}}