{"id":17412,"date":"2023-02-21T09:57:36","date_gmt":"2023-02-21T08:57:36","guid":{"rendered":"https:\/\/www.nubeocho.com\/?post_type=product&#038;p=17412"},"modified":"2025-06-27T14:31:06","modified_gmt":"2025-06-27T12:31:06","slug":"testimem-mestra","status":"publish","type":"product","link":"https:\/\/www.nubeocho.com\/ca\/producte\/testimem-mestra\/","title":{"rendered":"T&#8217;estimem, mestra!"},"content":{"rendered":"<p class=\"ql-align-justify\">La mofeta, l&#8217;esquiroleta, el guillot, l&#8217;osseta, l&#8217;\u00e0nec, la granota i el conill cada mat\u00ed van a l&#8217;escola amb un somriure, perqu\u00e8 la seva mestra gasela \u00e9s la millor. Els ensenya a llegir, a cantar, a ballar&#8230; i, a m\u00e9s a m\u00e9s, els escolta i els compr\u00e8n. Per\u00f2, un dia, quan arriben a classe, no hi ha ning\u00fa esperant-los.<\/p>\n<p class=\"ql-align-justify\">On \u00e9s la mestra gasela? Qu\u00e8 li ha passat? La mofeta, l&#8217;esquiroleta, el guillot, l&#8217;osseta, l&#8217;\u00e0nec, la granota i el conill decideixen anar a casa seva a investigar.<\/p>\n","protected":false},"excerpt":{"rendered":"<p>La mestra gasela aconsegueix que els nens i nenes vagin a l&#8217;escola feli\u00e7os. El que m\u00e9s els agrada a tots \u00e9s que la seva professora els llegeixi hist\u00f2ries fant\u00e0stiques.<\/p>\n","protected":false},"featured_media":21348,"template":"","meta":[],"product_brand":[],"product_cat":[696,697],"product_tag":[1604,1620],"class_list":{"0":"post-17412","1":"product","2":"type-product","3":"status-publish","4":"has-post-thumbnail","6":"colecciones-colleccio-som8","7":"edades-3-ca","8":"product_cat-cataleg","9":"product_cat-llibre-illustrat","10":"product_tag-amistat","11":"product_tag-emocions","13":"first","14":"instock","15":"taxable","16":"shipping-taxable","17":"product-type-simple"},"acf":[],"_links":{"self":[{"href":"https:\/\/www.nubeocho.com\/ca\/wp-json\/wp\/v2\/product\/17412","targetHints":{"allow":["GET"]}}],"collection":[{"href":"https:\/\/www.nubeocho.com\/ca\/wp-json\/wp\/v2\/product"}],"about":[{"href":"https:\/\/www.nubeocho.com\/ca\/wp-json\/wp\/v2\/types\/product"}],"wp:featuredmedia":[{"embeddable":true,"href":"https:\/\/www.nubeocho.com\/ca\/wp-json\/wp\/v2\/media\/21348"}],"wp:attachment":[{"href":"https:\/\/www.nubeocho.com\/ca\/wp-json\/wp\/v2\/media?parent=17412"}],"wp:term":[{"taxonomy":"product_brand","embeddable":true,"href":"https:\/\/www.nubeocho.com\/ca\/wp-json\/wp\/v2\/product_brand?post=17412"},{"taxonomy":"product_cat","embeddable":true,"href":"https:\/\/www.nubeocho.com\/ca\/wp-json\/wp\/v2\/product_cat?post=17412"},{"taxonomy":"product_tag","embeddable":true,"href":"https:\/\/www.nubeocho.com\/ca\/wp-json\/wp\/v2\/product_tag?post=17412"}],"curies":[{"name":"wp","href":"https:\/\/api.w.org\/{rel}","templated":true}]}}