{"id":17366,"date":"2023-02-21T08:54:08","date_gmt":"2023-02-21T07:54:08","guid":{"rendered":"https:\/\/www.nubeocho.com\/?post_type=product&#038;p=17366"},"modified":"2023-03-02T10:47:48","modified_gmt":"2023-03-02T09:47:48","slug":"la-petita-maga","status":"publish","type":"product","link":"https:\/\/www.nubeocho.com\/ca\/producte\/la-petita-maga\/","title":{"rendered":"La petita maga"},"content":{"rendered":"<p class=\"ql-align-justify\">La Ll\u00facia, la petita maga, agita la seva vareta i passen coses divertid\u00edssimes. Per\u00f2, un dia, el seu germanet li arranca unes p\u00e0gines del seu llibre. La Ll\u00facia s&#8217;enfada i se li acut una idea&#8230; Mou la seva vareta i diu: \u00abAbracadabra!\u00bb. En quin animal es transformar\u00e0 el petit Leo?<\/p>\n<p class=\"ql-align-justify\">Una divertida hist\u00f2ria sobre l&#8217;amor que hi ha entre germans, malgrat les enrabiades!<\/p>\n","protected":false},"excerpt":{"rendered":"<p>\u00abAbracadabra!\u00bb, diu la Ll\u00facia, la petita maga, i una gerra d&#8217;aigua s&#8217;omple de granotes! Les coses avorrides es converteixen en divertides quan es fan encanteris.<\/p>\n","protected":false},"featured_media":17367,"template":"","meta":[],"product_brand":[],"product_cat":[696,697],"product_tag":[1620,1626,1632],"class_list":{"0":"post-17366","1":"product","2":"type-product","3":"status-publish","4":"has-post-thumbnail","6":"colecciones-colleccio-som8","7":"edades-3-ca","8":"product_cat-cataleg","9":"product_cat-llibre-illustrat","10":"product_tag-emocions","11":"product_tag-familia-ca","12":"product_tag-humor-ca","14":"first","15":"instock","16":"taxable","17":"shipping-taxable","18":"product-type-simple"},"acf":[],"_links":{"self":[{"href":"https:\/\/www.nubeocho.com\/ca\/wp-json\/wp\/v2\/product\/17366","targetHints":{"allow":["GET"]}}],"collection":[{"href":"https:\/\/www.nubeocho.com\/ca\/wp-json\/wp\/v2\/product"}],"about":[{"href":"https:\/\/www.nubeocho.com\/ca\/wp-json\/wp\/v2\/types\/product"}],"wp:featuredmedia":[{"embeddable":true,"href":"https:\/\/www.nubeocho.com\/ca\/wp-json\/wp\/v2\/media\/17367"}],"wp:attachment":[{"href":"https:\/\/www.nubeocho.com\/ca\/wp-json\/wp\/v2\/media?parent=17366"}],"wp:term":[{"taxonomy":"product_brand","embeddable":true,"href":"https:\/\/www.nubeocho.com\/ca\/wp-json\/wp\/v2\/product_brand?post=17366"},{"taxonomy":"product_cat","embeddable":true,"href":"https:\/\/www.nubeocho.com\/ca\/wp-json\/wp\/v2\/product_cat?post=17366"},{"taxonomy":"product_tag","embeddable":true,"href":"https:\/\/www.nubeocho.com\/ca\/wp-json\/wp\/v2\/product_tag?post=17366"}],"curies":[{"name":"wp","href":"https:\/\/api.w.org\/{rel}","templated":true}]}}