{"id":17319,"date":"2023-02-15T14:33:15","date_gmt":"2023-02-15T13:33:15","guid":{"rendered":"https:\/\/www.nubeocho.com\/?post_type=product&#038;p=17319"},"modified":"2025-07-15T11:38:06","modified_gmt":"2025-07-15T09:38:06","slug":"el-llibre-dels-culs","status":"publish","type":"product","link":"https:\/\/www.nubeocho.com\/ca\/producte\/el-llibre-dels-culs\/","title":{"rendered":"El llibre dels culs"},"content":{"rendered":"<p class=\"ql-align-justify\">No sabem gran cosa dels culs. En aquest llibre divulgatiu descobrirem la seva hist\u00f2ria, parlarem dels culs humans i dels culs del m\u00f3n animal, dels tipus de culs que hi ha i dels colors que poden arribar a tenir! Sabies que tenir cul ens fa m\u00e9s intel\u00b7ligents? Has sentit a parlar dels culs catapulta? No hi ha dos culs iguals, per aix\u00f2 \u00e9s important con\u00e8ixer-los b\u00e9.<\/p>\n","protected":false},"excerpt":{"rendered":"<p>Saps gaires coses dels culs? Per a qu\u00e8 serveixen? Sempre n&#8217;hem tingut un? Un llibre que combina informaci\u00f3 i humor perqu\u00e8 ens divertim parlant de&#8230; culs!<\/p>\n","protected":false},"featured_media":17320,"template":"","meta":[],"product_brand":[],"product_cat":[696,697],"product_tag":[1629,1632],"class_list":{"0":"post-17319","1":"product","2":"type-product","3":"status-publish","4":"has-post-thumbnail","6":"colecciones-colleccio-som8","7":"edades-3-ca","8":"product_cat-cataleg","9":"product_cat-llibre-illustrat","10":"product_tag-grans-exits-els-mes-venuts","11":"product_tag-humor-ca","13":"first","14":"instock","15":"taxable","16":"shipping-taxable","17":"product-type-simple"},"acf":[],"_links":{"self":[{"href":"https:\/\/www.nubeocho.com\/ca\/wp-json\/wp\/v2\/product\/17319","targetHints":{"allow":["GET"]}}],"collection":[{"href":"https:\/\/www.nubeocho.com\/ca\/wp-json\/wp\/v2\/product"}],"about":[{"href":"https:\/\/www.nubeocho.com\/ca\/wp-json\/wp\/v2\/types\/product"}],"wp:featuredmedia":[{"embeddable":true,"href":"https:\/\/www.nubeocho.com\/ca\/wp-json\/wp\/v2\/media\/17320"}],"wp:attachment":[{"href":"https:\/\/www.nubeocho.com\/ca\/wp-json\/wp\/v2\/media?parent=17319"}],"wp:term":[{"taxonomy":"product_brand","embeddable":true,"href":"https:\/\/www.nubeocho.com\/ca\/wp-json\/wp\/v2\/product_brand?post=17319"},{"taxonomy":"product_cat","embeddable":true,"href":"https:\/\/www.nubeocho.com\/ca\/wp-json\/wp\/v2\/product_cat?post=17319"},{"taxonomy":"product_tag","embeddable":true,"href":"https:\/\/www.nubeocho.com\/ca\/wp-json\/wp\/v2\/product_tag?post=17319"}],"curies":[{"name":"wp","href":"https:\/\/api.w.org\/{rel}","templated":true}]}}