{"id":17252,"date":"2023-01-27T11:18:42","date_gmt":"2023-01-27T10:18:42","guid":{"rendered":"https:\/\/www.nubeocho.com\/?post_type=product&#038;p=17252"},"modified":"2023-02-20T11:06:00","modified_gmt":"2023-02-20T10:06:00","slug":"vull-jugar-abans-de-dormir","status":"publish","type":"product","link":"https:\/\/www.nubeocho.com\/ca\/producte\/vull-jugar-abans-de-dormir\/","title":{"rendered":"Vull jugar abans de dormir"},"content":{"rendered":"<p class=\"ql-align-justify\">\u00c9s de nit, per\u00f2 el Petit elefant no vol dormir. El seu pare li canta la can\u00e7\u00f3 en qu\u00e8 els animals fan silenci i dormen: la serp, la zebra, la hiena, l&#8217;estru\u00e7 o el cocodril \u00abFan xxt, fan xxt\u00bb. La Petita elefant insisteix a jugar fins que a la fi el Pare elefant aconsegueix que s&#8217;adormi. Per\u00f2 aleshores succeeix una cosa inesperada&#8230;<\/p>\n","protected":false},"excerpt":{"rendered":"<p>Quan la nit arriba a la sabana, els animals se&#8217;n van a dormir. Per\u00f2 el Petit elefant&#8230; vol jugar!<\/p>\n","protected":false},"featured_media":17253,"template":"","meta":[],"product_brand":[],"product_cat":[696,697],"product_tag":[1626],"class_list":{"0":"post-17252","1":"product","2":"type-product","3":"status-publish","4":"has-post-thumbnail","6":"colecciones-colleccio-som8","7":"edades-3-ca","8":"product_cat-cataleg","9":"product_cat-llibre-illustrat","10":"product_tag-familia-ca","12":"first","13":"instock","14":"taxable","15":"shipping-taxable","16":"product-type-simple"},"acf":[],"_links":{"self":[{"href":"https:\/\/www.nubeocho.com\/ca\/wp-json\/wp\/v2\/product\/17252","targetHints":{"allow":["GET"]}}],"collection":[{"href":"https:\/\/www.nubeocho.com\/ca\/wp-json\/wp\/v2\/product"}],"about":[{"href":"https:\/\/www.nubeocho.com\/ca\/wp-json\/wp\/v2\/types\/product"}],"wp:featuredmedia":[{"embeddable":true,"href":"https:\/\/www.nubeocho.com\/ca\/wp-json\/wp\/v2\/media\/17253"}],"wp:attachment":[{"href":"https:\/\/www.nubeocho.com\/ca\/wp-json\/wp\/v2\/media?parent=17252"}],"wp:term":[{"taxonomy":"product_brand","embeddable":true,"href":"https:\/\/www.nubeocho.com\/ca\/wp-json\/wp\/v2\/product_brand?post=17252"},{"taxonomy":"product_cat","embeddable":true,"href":"https:\/\/www.nubeocho.com\/ca\/wp-json\/wp\/v2\/product_cat?post=17252"},{"taxonomy":"product_tag","embeddable":true,"href":"https:\/\/www.nubeocho.com\/ca\/wp-json\/wp\/v2\/product_tag?post=17252"}],"curies":[{"name":"wp","href":"https:\/\/api.w.org\/{rel}","templated":true}]}}