{"id":17235,"date":"2023-01-27T10:55:31","date_gmt":"2023-01-27T09:55:31","guid":{"rendered":"https:\/\/www.nubeocho.com\/?post_type=product&#038;p=17235"},"modified":"2023-02-20T10:59:42","modified_gmt":"2023-02-20T09:59:42","slug":"lamor-mes-gran-de-tots","status":"publish","type":"product","link":"https:\/\/www.nubeocho.com\/ca\/producte\/lamor-mes-gran-de-tots\/","title":{"rendered":"L&#8217;amor m\u00e9s gran de tots"},"content":{"rendered":"<p class=\"ql-align-justify\"><em>Aix\u00f2 \u00e9s casa nostra. \u00c9s molt gran! Per\u00f2 no \u00e9s tan gran com l&#8217;amor que sento per tu.<\/em><\/p>\n<p class=\"ql-align-justify\">Un recorregut pels diferents tipus de fam\u00edlies: monoparentals, homoparentals, amb diferents germans, avis&#8230; i pels llocs en qu\u00e8 viuen: casa seva, el seu barri, la seva ciutat, el m\u00f3n, l&#8217;univers&#8230; Tant se val com sigui de gran tot, l&#8217;amor de les fam\u00edlies pels seus fills i filles sempre \u00e9s m\u00e9s gran.<\/p>\n","protected":false},"excerpt":{"rendered":"<p>L&#8217;amor que se sent per un fill o una filla \u00e9s la cosa m\u00e9s gran que hi ha, m\u00e9s que una ciutat, que un planeta o que l&#8217;univers sencer!<\/p>\n","protected":false},"featured_media":17270,"template":"","meta":[],"product_brand":[],"product_cat":[696,697],"product_tag":[1605],"class_list":{"0":"post-17235","1":"product","2":"type-product","3":"status-publish","4":"has-post-thumbnail","6":"colecciones-colleccio-som8","7":"edades-3-ca","8":"product_cat-cataleg","9":"product_cat-llibre-illustrat","10":"product_tag-autors-internacionals","12":"first","13":"instock","14":"taxable","15":"shipping-taxable","16":"product-type-simple"},"acf":[],"_links":{"self":[{"href":"https:\/\/www.nubeocho.com\/ca\/wp-json\/wp\/v2\/product\/17235","targetHints":{"allow":["GET"]}}],"collection":[{"href":"https:\/\/www.nubeocho.com\/ca\/wp-json\/wp\/v2\/product"}],"about":[{"href":"https:\/\/www.nubeocho.com\/ca\/wp-json\/wp\/v2\/types\/product"}],"wp:featuredmedia":[{"embeddable":true,"href":"https:\/\/www.nubeocho.com\/ca\/wp-json\/wp\/v2\/media\/17270"}],"wp:attachment":[{"href":"https:\/\/www.nubeocho.com\/ca\/wp-json\/wp\/v2\/media?parent=17235"}],"wp:term":[{"taxonomy":"product_brand","embeddable":true,"href":"https:\/\/www.nubeocho.com\/ca\/wp-json\/wp\/v2\/product_brand?post=17235"},{"taxonomy":"product_cat","embeddable":true,"href":"https:\/\/www.nubeocho.com\/ca\/wp-json\/wp\/v2\/product_cat?post=17235"},{"taxonomy":"product_tag","embeddable":true,"href":"https:\/\/www.nubeocho.com\/ca\/wp-json\/wp\/v2\/product_tag?post=17235"}],"curies":[{"name":"wp","href":"https:\/\/api.w.org\/{rel}","templated":true}]}}