{"id":17180,"date":"2023-01-27T09:45:32","date_gmt":"2023-01-27T08:45:32","guid":{"rendered":"https:\/\/www.nubeocho.com\/?post_type=product&#038;p=17180"},"modified":"2023-02-20T10:32:13","modified_gmt":"2023-02-20T09:32:13","slug":"potser-llibre-de-cartro","status":"publish","type":"product","link":"https:\/\/www.nubeocho.com\/ca\/producte\/potser-llibre-de-cartro\/","title":{"rendered":"Potser&#8230; (Llibre de cartr\u00f3)"},"content":{"rendered":"<p>Els micos saben que\u00a0hi ha molts tigres a prop de l&#8217;arbre. Per\u00f2 ells volen menjar un mango. Els encanten els mangos! I si baixen amb compte, r\u00e0pids com un llamp? Nom\u00e9s per mirar no passaria res, no? Mmm&#8230; Potser\u2026<\/p>\n","protected":false},"excerpt":{"rendered":"<p>Haughton ens presenta a 3 micos molt entremaliats! Als micos els encanten els mangos, per\u00f2 hi ha molts tigres a prop. I si baixen de l&#8217;arbre amb compte? Mmm\u2026Potser&#8230;<\/p>\n","protected":false},"featured_media":17182,"template":"","meta":[],"product_brand":[],"product_cat":[696,1154],"product_tag":[1605,1626,1632,1638],"class_list":{"0":"post-17180","1":"product","2":"type-product","3":"status-publish","4":"has-post-thumbnail","6":"colecciones-nuvol-de-cartro","7":"edades-0-cat","8":"product_cat-cataleg","9":"product_cat-llibre-de-cartro","10":"product_tag-autors-internacionals","11":"product_tag-familia-ca","12":"product_tag-humor-ca","13":"product_tag-pors","15":"first","16":"instock","17":"taxable","18":"shipping-taxable","19":"product-type-simple"},"acf":[],"_links":{"self":[{"href":"https:\/\/www.nubeocho.com\/ca\/wp-json\/wp\/v2\/product\/17180","targetHints":{"allow":["GET"]}}],"collection":[{"href":"https:\/\/www.nubeocho.com\/ca\/wp-json\/wp\/v2\/product"}],"about":[{"href":"https:\/\/www.nubeocho.com\/ca\/wp-json\/wp\/v2\/types\/product"}],"wp:featuredmedia":[{"embeddable":true,"href":"https:\/\/www.nubeocho.com\/ca\/wp-json\/wp\/v2\/media\/17182"}],"wp:attachment":[{"href":"https:\/\/www.nubeocho.com\/ca\/wp-json\/wp\/v2\/media?parent=17180"}],"wp:term":[{"taxonomy":"product_brand","embeddable":true,"href":"https:\/\/www.nubeocho.com\/ca\/wp-json\/wp\/v2\/product_brand?post=17180"},{"taxonomy":"product_cat","embeddable":true,"href":"https:\/\/www.nubeocho.com\/ca\/wp-json\/wp\/v2\/product_cat?post=17180"},{"taxonomy":"product_tag","embeddable":true,"href":"https:\/\/www.nubeocho.com\/ca\/wp-json\/wp\/v2\/product_tag?post=17180"}],"curies":[{"name":"wp","href":"https:\/\/api.w.org\/{rel}","templated":true}]}}