{"id":17104,"date":"2023-01-04T13:23:50","date_gmt":"2023-01-04T12:23:50","guid":{"rendered":"https:\/\/www.nubeocho.com\/?post_type=product&#038;p=17104"},"modified":"2023-07-25T10:33:54","modified_gmt":"2023-07-25T08:33:54","slug":"el-gran-concurs-de-la-caca","status":"publish","type":"product","link":"https:\/\/www.nubeocho.com\/ca\/producte\/el-gran-concurs-de-la-caca\/","title":{"rendered":"El gran concurs de la caca"},"content":{"rendered":"<p>El cavall pensa que la seva caca \u00e9s la millor de l&#8217;univers, per\u00f2 la vaca pensa el mateix de la seva. Per\u00f2 el porc, la cabra i l&#8217;\u00e0nec no hi estan d&#8217;acord&#8230; Quina deu ser la millor caca de l&#8217;univers? Els animals decideixen organitzar un concurs de caques! Avisen a tot el m\u00f3n i, arribat el gran dia, resulta que s&#8217;hi han apuntat un munt d&#8217;animals. Hi ha caques de tota mena: rodonetes, grosses, planes i fins i tot de quadrades&#8230; Tamb\u00e9 hi ha caques sorpresa, de les que ning\u00fa s&#8217;espera! Qui en ser\u00e0 el guanyador?<\/p>\n","protected":false},"excerpt":{"rendered":"<p>Despr\u00e9s de l&#8217;\u00e8xit internacional d&#8217;El pet m\u00e9s gran del m\u00f3n, ens arriba aquest eixelebrat concurs de caques d&#8217;animals i&#8230; d&#8217;algun altre curi\u00f3s participant.<\/p>\n","protected":false},"featured_media":17105,"template":"","meta":[],"product_brand":[],"product_cat":[696,697],"product_tag":[1623,1632],"class_list":{"0":"post-17104","1":"product","2":"type-product","3":"status-publish","4":"has-post-thumbnail","6":"colecciones-colleccio-som8","7":"edades-3-ca","8":"product_cat-cataleg","9":"product_cat-llibre-illustrat","10":"product_tag-escatologics","11":"product_tag-humor-ca","13":"first","14":"instock","15":"taxable","16":"shipping-taxable","17":"product-type-simple"},"acf":[],"_links":{"self":[{"href":"https:\/\/www.nubeocho.com\/ca\/wp-json\/wp\/v2\/product\/17104","targetHints":{"allow":["GET"]}}],"collection":[{"href":"https:\/\/www.nubeocho.com\/ca\/wp-json\/wp\/v2\/product"}],"about":[{"href":"https:\/\/www.nubeocho.com\/ca\/wp-json\/wp\/v2\/types\/product"}],"wp:featuredmedia":[{"embeddable":true,"href":"https:\/\/www.nubeocho.com\/ca\/wp-json\/wp\/v2\/media\/17105"}],"wp:attachment":[{"href":"https:\/\/www.nubeocho.com\/ca\/wp-json\/wp\/v2\/media?parent=17104"}],"wp:term":[{"taxonomy":"product_brand","embeddable":true,"href":"https:\/\/www.nubeocho.com\/ca\/wp-json\/wp\/v2\/product_brand?post=17104"},{"taxonomy":"product_cat","embeddable":true,"href":"https:\/\/www.nubeocho.com\/ca\/wp-json\/wp\/v2\/product_cat?post=17104"},{"taxonomy":"product_tag","embeddable":true,"href":"https:\/\/www.nubeocho.com\/ca\/wp-json\/wp\/v2\/product_tag?post=17104"}],"curies":[{"name":"wp","href":"https:\/\/api.w.org\/{rel}","templated":true}]}}