{"id":16911,"date":"2022-10-07T08:38:54","date_gmt":"2022-10-07T06:38:54","guid":{"rendered":"https:\/\/www.nubeocho.com\/?post_type=product&#038;p=16911"},"modified":"2022-11-15T12:53:47","modified_gmt":"2022-11-15T11:53:47","slug":"soc-un-princep","status":"publish","type":"product","link":"https:\/\/www.nubeocho.com\/ca\/producte\/soc-un-princep\/","title":{"rendered":"Soc un pr\u00edncep!"},"content":{"rendered":"<p>Ens posem manaires i no ens adonem que podem molestar als altres? Sempre volem que tothom jugui al nostre joc? Volem que ho facin sempre segons les nostres regles? Aquest \u00e0lbum il\u00b7lustrat ajuda als m\u00e9s petits a reflexionar sobre aquest tema tan com\u00fa. Una hist\u00f2ria divertida en qu\u00e8 entenem que &#8220;manar&#8221; no \u00e9s gaire agradable pels altres.<\/p>\n","protected":false},"excerpt":{"rendered":"<p>El porquet vol ser un pr\u00edncep i comen\u00e7a a donar ordres a tothom. S&#8217;adonar\u00e0 que est\u00e0 molestant als altres animals?<\/p>\n","protected":false},"featured_media":16912,"template":"","meta":[],"product_brand":[],"product_cat":[696,697],"product_tag":[1604,1620,1632,1644],"class_list":{"0":"post-16911","1":"product","2":"type-product","3":"status-publish","4":"has-post-thumbnail","6":"colecciones-colleccio-som8","7":"edades-3-ca","8":"product_cat-cataleg","9":"product_cat-llibre-illustrat","10":"product_tag-amistat","11":"product_tag-emocions","12":"product_tag-humor-ca","13":"product_tag-per-reflexionar","15":"first","16":"instock","17":"taxable","18":"shipping-taxable","19":"product-type-simple"},"acf":[],"_links":{"self":[{"href":"https:\/\/www.nubeocho.com\/ca\/wp-json\/wp\/v2\/product\/16911","targetHints":{"allow":["GET"]}}],"collection":[{"href":"https:\/\/www.nubeocho.com\/ca\/wp-json\/wp\/v2\/product"}],"about":[{"href":"https:\/\/www.nubeocho.com\/ca\/wp-json\/wp\/v2\/types\/product"}],"wp:featuredmedia":[{"embeddable":true,"href":"https:\/\/www.nubeocho.com\/ca\/wp-json\/wp\/v2\/media\/16912"}],"wp:attachment":[{"href":"https:\/\/www.nubeocho.com\/ca\/wp-json\/wp\/v2\/media?parent=16911"}],"wp:term":[{"taxonomy":"product_brand","embeddable":true,"href":"https:\/\/www.nubeocho.com\/ca\/wp-json\/wp\/v2\/product_brand?post=16911"},{"taxonomy":"product_cat","embeddable":true,"href":"https:\/\/www.nubeocho.com\/ca\/wp-json\/wp\/v2\/product_cat?post=16911"},{"taxonomy":"product_tag","embeddable":true,"href":"https:\/\/www.nubeocho.com\/ca\/wp-json\/wp\/v2\/product_tag?post=16911"}],"curies":[{"name":"wp","href":"https:\/\/api.w.org\/{rel}","templated":true}]}}