{"id":16876,"date":"2022-10-06T16:02:29","date_gmt":"2022-10-06T14:02:29","guid":{"rendered":"https:\/\/www.nubeocho.com\/?post_type=product&#038;p=16876"},"modified":"2022-10-06T16:18:33","modified_gmt":"2022-10-06T14:18:33","slug":"una-capsa","status":"publish","type":"product","link":"https:\/\/www.nubeocho.com\/ca\/producte\/una-capsa\/","title":{"rendered":"Una capsa"},"content":{"rendered":"<p class=\"ql-align-justify\">En Fu i la Bo reben una capsa per al seu pare, el senyor Carri\u00f3. Fins que el seu pare arriba de la feina, els dos germans es passen tot el mat\u00ed imaginant, somniant\u00a0i creant infinites possibilitats sobre qu\u00e8 pot contenir la capsa. En aquesta experi\u00e8ncia, ambd\u00f3s senten il\u00b7lusions i decepcions, i sobretot curiositat.<\/p>\n","protected":false},"excerpt":{"rendered":"<p>Els germans Bu i Fo reben una capsa per al seu pare. No saben qu\u00e8 fer: obrir-la o no obrir-la i continuar imaginant qu\u00e8 cont\u00e9?<\/p>\n","protected":false},"featured_media":16877,"template":"","meta":[],"product_brand":[],"product_cat":[696,697],"product_tag":[1620,1626,1644],"class_list":{"0":"post-16876","1":"product","2":"type-product","3":"status-publish","4":"has-post-thumbnail","6":"colecciones-colleccio-som8","7":"edades-3-ca","8":"product_cat-cataleg","9":"product_cat-llibre-illustrat","10":"product_tag-emocions","11":"product_tag-familia-ca","12":"product_tag-per-reflexionar","14":"first","15":"instock","16":"taxable","17":"shipping-taxable","18":"product-type-simple"},"acf":[],"_links":{"self":[{"href":"https:\/\/www.nubeocho.com\/ca\/wp-json\/wp\/v2\/product\/16876","targetHints":{"allow":["GET"]}}],"collection":[{"href":"https:\/\/www.nubeocho.com\/ca\/wp-json\/wp\/v2\/product"}],"about":[{"href":"https:\/\/www.nubeocho.com\/ca\/wp-json\/wp\/v2\/types\/product"}],"wp:featuredmedia":[{"embeddable":true,"href":"https:\/\/www.nubeocho.com\/ca\/wp-json\/wp\/v2\/media\/16877"}],"wp:attachment":[{"href":"https:\/\/www.nubeocho.com\/ca\/wp-json\/wp\/v2\/media?parent=16876"}],"wp:term":[{"taxonomy":"product_brand","embeddable":true,"href":"https:\/\/www.nubeocho.com\/ca\/wp-json\/wp\/v2\/product_brand?post=16876"},{"taxonomy":"product_cat","embeddable":true,"href":"https:\/\/www.nubeocho.com\/ca\/wp-json\/wp\/v2\/product_cat?post=16876"},{"taxonomy":"product_tag","embeddable":true,"href":"https:\/\/www.nubeocho.com\/ca\/wp-json\/wp\/v2\/product_tag?post=16876"}],"curies":[{"name":"wp","href":"https:\/\/api.w.org\/{rel}","templated":true}]}}