{"id":16844,"date":"2022-10-06T15:26:02","date_gmt":"2022-10-06T13:26:02","guid":{"rendered":"https:\/\/www.nubeocho.com\/?post_type=product&#038;p=16844"},"modified":"2022-10-06T15:33:15","modified_gmt":"2022-10-06T13:33:15","slug":"en-petita-persona","status":"publish","type":"product","link":"https:\/\/www.nubeocho.com\/ca\/producte\/en-petita-persona\/","title":{"rendered":"En Petita Persona"},"content":{"rendered":"<p class=\"ql-align-justify\">Un llibre po\u00e8tic que rendeix homenatge a la inf\u00e0ncia. Dedicat a totes les petites persones, a les seves habilitats i interessos, i al cam\u00ed que els portar\u00e0 a convertir-se en grans persones.<\/p>\n<p class=\"ql-align-justify\">No hi ha pressa a cr\u00e9ixer, Petita Persona\u2026<\/p>\n","protected":false},"excerpt":{"rendered":"<p>Una tendra hist\u00f2ria que ens transporta al m\u00f3n infantil d\u2019en Petita Persona i com es va transformant a mesura que creix.<\/p>\n","protected":false},"featured_media":16845,"template":"","meta":[],"product_brand":[],"product_cat":[696,697],"product_tag":[1620,1626,1638],"class_list":{"0":"post-16844","1":"product","2":"type-product","3":"status-publish","4":"has-post-thumbnail","6":"colecciones-colleccio-som8","7":"edades-3-ca","8":"product_cat-cataleg","9":"product_cat-llibre-illustrat","10":"product_tag-emocions","11":"product_tag-familia-ca","12":"product_tag-pors","14":"first","15":"instock","16":"taxable","17":"shipping-taxable","18":"product-type-simple"},"acf":[],"_links":{"self":[{"href":"https:\/\/www.nubeocho.com\/ca\/wp-json\/wp\/v2\/product\/16844","targetHints":{"allow":["GET"]}}],"collection":[{"href":"https:\/\/www.nubeocho.com\/ca\/wp-json\/wp\/v2\/product"}],"about":[{"href":"https:\/\/www.nubeocho.com\/ca\/wp-json\/wp\/v2\/types\/product"}],"wp:featuredmedia":[{"embeddable":true,"href":"https:\/\/www.nubeocho.com\/ca\/wp-json\/wp\/v2\/media\/16845"}],"wp:attachment":[{"href":"https:\/\/www.nubeocho.com\/ca\/wp-json\/wp\/v2\/media?parent=16844"}],"wp:term":[{"taxonomy":"product_brand","embeddable":true,"href":"https:\/\/www.nubeocho.com\/ca\/wp-json\/wp\/v2\/product_brand?post=16844"},{"taxonomy":"product_cat","embeddable":true,"href":"https:\/\/www.nubeocho.com\/ca\/wp-json\/wp\/v2\/product_cat?post=16844"},{"taxonomy":"product_tag","embeddable":true,"href":"https:\/\/www.nubeocho.com\/ca\/wp-json\/wp\/v2\/product_tag?post=16844"}],"curies":[{"name":"wp","href":"https:\/\/api.w.org\/{rel}","templated":true}]}}