{"id":16829,"date":"2022-10-03T13:14:40","date_gmt":"2022-10-03T11:14:40","guid":{"rendered":"https:\/\/www.nubeocho.com\/?post_type=product&#038;p=16829"},"modified":"2022-10-03T13:14:40","modified_gmt":"2022-10-03T11:14:40","slug":"lesquiroleta-no-sap-dir-no","status":"publish","type":"product","link":"https:\/\/www.nubeocho.com\/ca\/producte\/lesquiroleta-no-sap-dir-no\/","title":{"rendered":"L&#8217;Esquiroleta no sap dir no"},"content":{"rendered":"<p class=\"ql-align-justify\">Aviat \u00e9s l&#8217;aniversari de l&#8217;Os. L\u2019Esquiroleta decideix fer-li un bon regal, per\u00f2 quan surt de casa\u2026<\/p>\n<p class=\"ql-align-justify\">\u00abEsquiroleta, que podries esperar al carter i donar-li aquest paquet?\u00bb<br \/>\n\u00abEsquiroleta, que podries cuidar l&#8217;Anegueta una estona?\u00bb<br \/>\n\u00abEsquiroleta, que podries ajudar-me a fer els exercicis de matem\u00e0tiques?\u00bb<\/p>\n<p class=\"ql-align-justify\">El Guillot, l\u2019\u00c0nec, la C\u00e9rvola i altres amics li demanen ajut, i ella no sap dir que no. Li donar\u00e0 temps a preparar el seu regal per a l\u2019Os?<\/p>\n","protected":false},"excerpt":{"rendered":"<p>Un llibre sobre la import\u00e0ncia de l&#8217;assertivitat. No \u00e9s bo dir sempre que s\u00ed als desitjos i a les peticions dels altres. Aprendre a dir que NO \u00e9s important.<\/p>\n","protected":false},"featured_media":16822,"template":"","meta":[],"product_brand":[],"product_cat":[696,697],"product_tag":[1604,1614,1620],"class_list":{"0":"post-16829","1":"product","2":"type-product","3":"status-publish","4":"has-post-thumbnail","6":"colecciones-los-rentador-i-la-seva-colla","7":"edades-4-ca","8":"product_cat-cataleg","9":"product_cat-llibre-illustrat","10":"product_tag-amistat","11":"product_tag-diversitat","12":"product_tag-emocions","14":"first","15":"instock","16":"taxable","17":"shipping-taxable","18":"product-type-simple"},"acf":[],"_links":{"self":[{"href":"https:\/\/www.nubeocho.com\/ca\/wp-json\/wp\/v2\/product\/16829","targetHints":{"allow":["GET"]}}],"collection":[{"href":"https:\/\/www.nubeocho.com\/ca\/wp-json\/wp\/v2\/product"}],"about":[{"href":"https:\/\/www.nubeocho.com\/ca\/wp-json\/wp\/v2\/types\/product"}],"wp:featuredmedia":[{"embeddable":true,"href":"https:\/\/www.nubeocho.com\/ca\/wp-json\/wp\/v2\/media\/16822"}],"wp:attachment":[{"href":"https:\/\/www.nubeocho.com\/ca\/wp-json\/wp\/v2\/media?parent=16829"}],"wp:term":[{"taxonomy":"product_brand","embeddable":true,"href":"https:\/\/www.nubeocho.com\/ca\/wp-json\/wp\/v2\/product_brand?post=16829"},{"taxonomy":"product_cat","embeddable":true,"href":"https:\/\/www.nubeocho.com\/ca\/wp-json\/wp\/v2\/product_cat?post=16829"},{"taxonomy":"product_tag","embeddable":true,"href":"https:\/\/www.nubeocho.com\/ca\/wp-json\/wp\/v2\/product_tag?post=16829"}],"curies":[{"name":"wp","href":"https:\/\/api.w.org\/{rel}","templated":true}]}}