{"id":16802,"date":"2022-10-03T12:46:05","date_gmt":"2022-10-03T10:46:05","guid":{"rendered":"https:\/\/www.nubeocho.com\/?post_type=product&#038;p=16802"},"modified":"2023-01-25T14:04:14","modified_gmt":"2023-01-25T13:04:14","slug":"la-lola-busca-larc-de-sant-marti","status":"publish","type":"product","link":"https:\/\/www.nubeocho.com\/ca\/producte\/la-lola-busca-larc-de-sant-marti\/","title":{"rendered":"La Lola busca l\u2019arc de Sant Mart\u00ed"},"content":{"rendered":"<p>A la Lola el que m\u00e9s li agrada del m\u00f3n s\u00f3n els arcs de Sant Mart\u00ed, per\u00f2 s\u00f3n tan dif\u00edcils de trobar que decideix crear-ne un ella mateixa. Aix\u00ed que es posa a buscar els seus colors pertot arreu, i comen\u00e7a la seva aventura.<\/p>\n<p>La Lola no es rendeix, vol un arc de Sant Mart\u00ed per a ella sola. Ho aconseguir\u00e0?<\/p>\n","protected":false},"excerpt":{"rendered":"<p>De l&#8217;autora internacional Naomi Jones, il\u00b7lustrat per G\u00f3mez! Busquem un arc de Sant Mart\u00ed?<\/p>\n","protected":false},"featured_media":16803,"template":"","meta":[],"product_brand":[],"product_cat":[696,697],"product_tag":[1605,1620,1626,1608],"class_list":{"0":"post-16802","1":"product","2":"type-product","3":"status-publish","4":"has-post-thumbnail","6":"colecciones-colleccio-som8","7":"edades-3-ca","8":"product_cat-cataleg","9":"product_cat-llibre-illustrat","10":"product_tag-autors-internacionals","11":"product_tag-emocions","12":"product_tag-familia-ca","13":"product_tag-noies-i-nois-pirata","15":"first","16":"instock","17":"taxable","18":"shipping-taxable","19":"product-type-simple"},"acf":[],"_links":{"self":[{"href":"https:\/\/www.nubeocho.com\/ca\/wp-json\/wp\/v2\/product\/16802","targetHints":{"allow":["GET"]}}],"collection":[{"href":"https:\/\/www.nubeocho.com\/ca\/wp-json\/wp\/v2\/product"}],"about":[{"href":"https:\/\/www.nubeocho.com\/ca\/wp-json\/wp\/v2\/types\/product"}],"wp:featuredmedia":[{"embeddable":true,"href":"https:\/\/www.nubeocho.com\/ca\/wp-json\/wp\/v2\/media\/16803"}],"wp:attachment":[{"href":"https:\/\/www.nubeocho.com\/ca\/wp-json\/wp\/v2\/media?parent=16802"}],"wp:term":[{"taxonomy":"product_brand","embeddable":true,"href":"https:\/\/www.nubeocho.com\/ca\/wp-json\/wp\/v2\/product_brand?post=16802"},{"taxonomy":"product_cat","embeddable":true,"href":"https:\/\/www.nubeocho.com\/ca\/wp-json\/wp\/v2\/product_cat?post=16802"},{"taxonomy":"product_tag","embeddable":true,"href":"https:\/\/www.nubeocho.com\/ca\/wp-json\/wp\/v2\/product_tag?post=16802"}],"curies":[{"name":"wp","href":"https:\/\/api.w.org\/{rel}","templated":true}]}}