{"id":16778,"date":"2022-09-28T10:16:05","date_gmt":"2022-09-28T08:16:05","guid":{"rendered":"https:\/\/www.nubeocho.com\/?post_type=product&#038;p=16778"},"modified":"2023-07-25T09:17:13","modified_gmt":"2023-07-25T07:17:13","slug":"el-gripau","status":"publish","type":"product","link":"https:\/\/www.nubeocho.com\/ca\/producte\/el-gripau\/","title":{"rendered":"El gripau"},"content":{"rendered":"<p class=\"ql-align-justify\">Sabies que els gripaus poden posar fins a 6000 ous de cop? I que, si els ataquen, tiren ver\u00ed per la pell? Hi ha moltes classes de gripaus i alguns poden viure a l&#8217;aigua; d\u2019altres, a terra ferma; i n\u2019hi ha que fins i tot a les branques dels arbres. Si et trobes a un gripau, significa que ets a un lloc net i sense contaminaci\u00f3, aix\u00ed que pots gaudir de la natura amb ell!<\/p>\n","protected":false},"excerpt":{"rendered":"<p>Tot el que sempre vas voler saber sobre aquestes petites bestioles que ens envolten. Alguns diuen que s\u00f3n lletges i desagradables, per\u00f2 tamb\u00e9 poden ser molt divertides.<\/p>\n","protected":false},"featured_media":16779,"template":"","meta":[],"product_brand":[],"product_cat":[696,697],"product_tag":[1605,1632],"class_list":{"0":"post-16778","1":"product","2":"type-product","3":"status-publish","4":"has-post-thumbnail","6":"colecciones-bestioles","7":"edades-3-ca","8":"product_cat-cataleg","9":"product_cat-llibre-illustrat","10":"product_tag-autors-internacionals","11":"product_tag-humor-ca","13":"first","14":"instock","15":"taxable","16":"shipping-taxable","17":"product-type-simple"},"acf":[],"_links":{"self":[{"href":"https:\/\/www.nubeocho.com\/ca\/wp-json\/wp\/v2\/product\/16778","targetHints":{"allow":["GET"]}}],"collection":[{"href":"https:\/\/www.nubeocho.com\/ca\/wp-json\/wp\/v2\/product"}],"about":[{"href":"https:\/\/www.nubeocho.com\/ca\/wp-json\/wp\/v2\/types\/product"}],"wp:featuredmedia":[{"embeddable":true,"href":"https:\/\/www.nubeocho.com\/ca\/wp-json\/wp\/v2\/media\/16779"}],"wp:attachment":[{"href":"https:\/\/www.nubeocho.com\/ca\/wp-json\/wp\/v2\/media?parent=16778"}],"wp:term":[{"taxonomy":"product_brand","embeddable":true,"href":"https:\/\/www.nubeocho.com\/ca\/wp-json\/wp\/v2\/product_brand?post=16778"},{"taxonomy":"product_cat","embeddable":true,"href":"https:\/\/www.nubeocho.com\/ca\/wp-json\/wp\/v2\/product_cat?post=16778"},{"taxonomy":"product_tag","embeddable":true,"href":"https:\/\/www.nubeocho.com\/ca\/wp-json\/wp\/v2\/product_tag?post=16778"}],"curies":[{"name":"wp","href":"https:\/\/api.w.org\/{rel}","templated":true}]}}