{"id":16741,"date":"2022-09-28T09:24:55","date_gmt":"2022-09-28T07:24:55","guid":{"rendered":"https:\/\/www.nubeocho.com\/?post_type=product&#038;p=16741"},"modified":"2022-09-28T09:29:01","modified_gmt":"2022-09-28T07:29:01","slug":"hi-ha-una-vaca-al-meu-llit","status":"publish","type":"product","link":"https:\/\/www.nubeocho.com\/ca\/producte\/hi-ha-una-vaca-al-meu-llit\/","title":{"rendered":"Hi ha una vaca al meu llit"},"content":{"rendered":"<p class=\"ql-align-justify\">Abans de dormir, una nena diu que al seu llit hi ha una vaca. \u00c9s possible? Quan el pare va a la seva habitaci\u00f3, all\u00e0 no hi ha ning\u00fa. \u00abPare, \u00e9s que ara la vaca est\u00e0 jugant a fet a amagar amb un elefant i un \u00e0nec\u00bb.<\/p>\n<p class=\"ql-align-justify\">Una divertida hist\u00f2ria per abans d\u2019anar a dormir. Que potser tot \u00e9s fruit de la imaginaci\u00f3 de la nena?<\/p>\n","protected":false},"excerpt":{"rendered":"<p>Una nena s&#8217;inventa tota mena d&#8217;excuses per no dormir. Encara que pot ser que no siguin excuses\u2026 I si realment hi ha una vaca al seu llit?<\/p>\n","protected":false},"featured_media":16742,"template":"","meta":[],"product_brand":[],"product_cat":[696,697],"product_tag":[1626,1632,1638],"class_list":{"0":"post-16741","1":"product","2":"type-product","3":"status-publish","4":"has-post-thumbnail","6":"colecciones-colleccio-som8","7":"edades-3-ca","8":"product_cat-cataleg","9":"product_cat-llibre-illustrat","10":"product_tag-familia-ca","11":"product_tag-humor-ca","12":"product_tag-pors","14":"first","15":"instock","16":"taxable","17":"shipping-taxable","18":"product-type-simple"},"acf":[],"_links":{"self":[{"href":"https:\/\/www.nubeocho.com\/ca\/wp-json\/wp\/v2\/product\/16741","targetHints":{"allow":["GET"]}}],"collection":[{"href":"https:\/\/www.nubeocho.com\/ca\/wp-json\/wp\/v2\/product"}],"about":[{"href":"https:\/\/www.nubeocho.com\/ca\/wp-json\/wp\/v2\/types\/product"}],"wp:featuredmedia":[{"embeddable":true,"href":"https:\/\/www.nubeocho.com\/ca\/wp-json\/wp\/v2\/media\/16742"}],"wp:attachment":[{"href":"https:\/\/www.nubeocho.com\/ca\/wp-json\/wp\/v2\/media?parent=16741"}],"wp:term":[{"taxonomy":"product_brand","embeddable":true,"href":"https:\/\/www.nubeocho.com\/ca\/wp-json\/wp\/v2\/product_brand?post=16741"},{"taxonomy":"product_cat","embeddable":true,"href":"https:\/\/www.nubeocho.com\/ca\/wp-json\/wp\/v2\/product_cat?post=16741"},{"taxonomy":"product_tag","embeddable":true,"href":"https:\/\/www.nubeocho.com\/ca\/wp-json\/wp\/v2\/product_tag?post=16741"}],"curies":[{"name":"wp","href":"https:\/\/api.w.org\/{rel}","templated":true}]}}