{"id":16703,"date":"2022-09-08T10:15:31","date_gmt":"2022-09-08T08:15:31","guid":{"rendered":"https:\/\/www.nubeocho.com\/?post_type=product&#038;p=16703"},"modified":"2022-09-15T14:49:26","modified_gmt":"2022-09-15T12:49:26","slug":"el-bosc-la-nena-i-el-llop","status":"publish","type":"product","link":"https:\/\/www.nubeocho.com\/ca\/producte\/el-bosc-la-nena-i-el-llop\/","title":{"rendered":"El bosc, la nena i el llop"},"content":{"rendered":"<p class=\"ql-align-justify\">Una mare comet una imprud\u00e8ncia i envia a la seva filla, sola, al bosc. La Caputxeta Vermella \u00e9s una nena molt innocent. El llop \u00e9s dolent. I el ca\u00e7ador\u2026 \u00e9s dels que dispara. Tothom coneix la hist\u00f2ria, per\u00f2 aquesta tamb\u00e9 es pot veure des d&#8217;un altre punt de vista, tornar-hi a pensar i reinterpretar-la. <em>El bosc, la nena i el llop<\/em> \u00e9s un \u00e0lbum il\u00b7lustrat sense text en qu\u00e8 les imatges i la seva immensa capacitat evocadora ens traslladen al mite constru\u00eft entorn de la Caputxeta Vermella.<\/p>\n","protected":false},"excerpt":{"rendered":"<p>La col\u00b7lecci\u00f3 NubeAdulta presenta un preci\u00f3s i reflexiu \u00e0lbum sense paraules. La il\u00b7lustradora Ranaldi ens proposa una Caputxeta Vermella des d&#8217;una altra perspectiva.<\/p>\n","protected":false},"featured_media":16721,"template":"","meta":[],"product_brand":[],"product_cat":[696,697],"product_tag":[1605,1638],"class_list":{"0":"post-16703","1":"product","2":"type-product","3":"status-publish","4":"has-post-thumbnail","6":"edades-13-cat","7":"product_cat-cataleg","8":"product_cat-llibre-illustrat","9":"product_tag-autors-internacionals","10":"product_tag-pors","12":"first","13":"instock","14":"taxable","15":"shipping-taxable","16":"product-type-simple"},"acf":[],"_links":{"self":[{"href":"https:\/\/www.nubeocho.com\/ca\/wp-json\/wp\/v2\/product\/16703","targetHints":{"allow":["GET"]}}],"collection":[{"href":"https:\/\/www.nubeocho.com\/ca\/wp-json\/wp\/v2\/product"}],"about":[{"href":"https:\/\/www.nubeocho.com\/ca\/wp-json\/wp\/v2\/types\/product"}],"wp:featuredmedia":[{"embeddable":true,"href":"https:\/\/www.nubeocho.com\/ca\/wp-json\/wp\/v2\/media\/16721"}],"wp:attachment":[{"href":"https:\/\/www.nubeocho.com\/ca\/wp-json\/wp\/v2\/media?parent=16703"}],"wp:term":[{"taxonomy":"product_brand","embeddable":true,"href":"https:\/\/www.nubeocho.com\/ca\/wp-json\/wp\/v2\/product_brand?post=16703"},{"taxonomy":"product_cat","embeddable":true,"href":"https:\/\/www.nubeocho.com\/ca\/wp-json\/wp\/v2\/product_cat?post=16703"},{"taxonomy":"product_tag","embeddable":true,"href":"https:\/\/www.nubeocho.com\/ca\/wp-json\/wp\/v2\/product_tag?post=16703"}],"curies":[{"name":"wp","href":"https:\/\/api.w.org\/{rel}","templated":true}]}}