{"id":16641,"date":"2022-09-12T10:40:00","date_gmt":"2022-09-12T08:40:00","guid":{"rendered":"https:\/\/www.nubeocho.com\/?post_type=product&#038;p=16641"},"modified":"2022-09-12T10:40:00","modified_gmt":"2022-09-12T08:40:00","slug":"una-sorpresa-per-a-la-tortuga","status":"publish","type":"product","link":"https:\/\/www.nubeocho.com\/ca\/producte\/una-sorpresa-per-a-la-tortuga\/","title":{"rendered":"Una sorpresa per a la Tortuga"},"content":{"rendered":"<p>Quan aquell mat\u00ed la Tortuga es va mirar a l\u2019estany, es va adonar que tenia la closca vella i desgastada. Es va sentir trista, per\u00f2 aviat va arribar el seu gran amic, l\u2019Ocellet. I aquest va tenir una GRAN idea per ajudar a la seva amiga\u2026<\/p>\n","protected":false},"excerpt":{"rendered":"<p>Una hist\u00f2ria m\u00e0gica, una rondalla que ens parla amb bellesa i tendresa de fer-se gran, i de la import\u00e0ncia de l&#8217;amistat.<\/p>\n","protected":false},"featured_media":16642,"template":"","meta":[],"product_brand":[],"product_cat":[696,697],"product_tag":[1604,1620,1644],"class_list":{"0":"post-16641","1":"product","2":"type-product","3":"status-publish","4":"has-post-thumbnail","6":"colecciones-colleccio-som8","7":"edades-3-ca","8":"product_cat-cataleg","9":"product_cat-llibre-illustrat","10":"product_tag-amistat","11":"product_tag-emocions","12":"product_tag-per-reflexionar","14":"first","15":"instock","16":"product-type-simple"},"acf":[],"_links":{"self":[{"href":"https:\/\/www.nubeocho.com\/ca\/wp-json\/wp\/v2\/product\/16641","targetHints":{"allow":["GET"]}}],"collection":[{"href":"https:\/\/www.nubeocho.com\/ca\/wp-json\/wp\/v2\/product"}],"about":[{"href":"https:\/\/www.nubeocho.com\/ca\/wp-json\/wp\/v2\/types\/product"}],"wp:featuredmedia":[{"embeddable":true,"href":"https:\/\/www.nubeocho.com\/ca\/wp-json\/wp\/v2\/media\/16642"}],"wp:attachment":[{"href":"https:\/\/www.nubeocho.com\/ca\/wp-json\/wp\/v2\/media?parent=16641"}],"wp:term":[{"taxonomy":"product_brand","embeddable":true,"href":"https:\/\/www.nubeocho.com\/ca\/wp-json\/wp\/v2\/product_brand?post=16641"},{"taxonomy":"product_cat","embeddable":true,"href":"https:\/\/www.nubeocho.com\/ca\/wp-json\/wp\/v2\/product_cat?post=16641"},{"taxonomy":"product_tag","embeddable":true,"href":"https:\/\/www.nubeocho.com\/ca\/wp-json\/wp\/v2\/product_tag?post=16641"}],"curies":[{"name":"wp","href":"https:\/\/api.w.org\/{rel}","templated":true}]}}