{"id":16624,"date":"2022-09-12T10:00:42","date_gmt":"2022-09-12T08:00:42","guid":{"rendered":"https:\/\/www.nubeocho.com\/?post_type=product&#038;p=16624"},"modified":"2023-02-08T13:42:09","modified_gmt":"2023-02-08T12:42:09","slug":"soc-nomes-meva","status":"publish","type":"product","link":"https:\/\/www.nubeocho.com\/ca\/producte\/soc-nomes-meva\/","title":{"rendered":"Soc nom\u00e9s meva"},"content":{"rendered":"<p class=\"ql-align-justify\">El ratol\u00ed pregunta a la ratolina: \u201cPer qu\u00e8 et vesteixes aix\u00ed? Posa&#8217;t aix\u00f2\u201d o \u201cQu\u00e8 deus haver fet per aconseguir un ascens a la feina?\u201d. El ratol\u00ed s&#8217;est\u00e0 convertint en un gat. El proc\u00e9s \u00e9s lent per\u00f2 cada vegada m\u00e9s evident. La ratolina sap que no \u00e9s feli\u00e7 i no ent\u00e9n com la seva rom\u00e0ntica hist\u00f2ria d&#8217;amor ha acabat convertida en una hist\u00f2ria de terror. T\u00e9 por, per\u00f2 aviat obrir\u00e0 els ulls i aconseguir\u00e0 escapar del cau.<\/p>\n","protected":false},"excerpt":{"rendered":"<p>Per prevenir el maltractament i la viol\u00e8ncia de g\u00e8nere, parlar-ne \u00e9s una eina important. La ratolineta no oblidar\u00e0 la premissa: &#8220;No soc teva, ni de ning\u00fa, soc nom\u00e9s meva.<\/p>\n","protected":false},"featured_media":16625,"template":"","meta":[],"product_brand":[],"product_cat":[696,697],"product_tag":[1620,1635,1644],"class_list":{"0":"post-16624","1":"product","2":"type-product","3":"status-publish","4":"has-post-thumbnail","6":"colecciones-egalite-ca","7":"edades-8-cat","8":"product_cat-cataleg","9":"product_cat-llibre-illustrat","10":"product_tag-emocions","11":"product_tag-igualtat-feminisme","12":"product_tag-per-reflexionar","14":"first","15":"instock","16":"taxable","17":"shipping-taxable","18":"product-type-simple"},"acf":[],"_links":{"self":[{"href":"https:\/\/www.nubeocho.com\/ca\/wp-json\/wp\/v2\/product\/16624","targetHints":{"allow":["GET"]}}],"collection":[{"href":"https:\/\/www.nubeocho.com\/ca\/wp-json\/wp\/v2\/product"}],"about":[{"href":"https:\/\/www.nubeocho.com\/ca\/wp-json\/wp\/v2\/types\/product"}],"wp:featuredmedia":[{"embeddable":true,"href":"https:\/\/www.nubeocho.com\/ca\/wp-json\/wp\/v2\/media\/16625"}],"wp:attachment":[{"href":"https:\/\/www.nubeocho.com\/ca\/wp-json\/wp\/v2\/media?parent=16624"}],"wp:term":[{"taxonomy":"product_brand","embeddable":true,"href":"https:\/\/www.nubeocho.com\/ca\/wp-json\/wp\/v2\/product_brand?post=16624"},{"taxonomy":"product_cat","embeddable":true,"href":"https:\/\/www.nubeocho.com\/ca\/wp-json\/wp\/v2\/product_cat?post=16624"},{"taxonomy":"product_tag","embeddable":true,"href":"https:\/\/www.nubeocho.com\/ca\/wp-json\/wp\/v2\/product_tag?post=16624"}],"curies":[{"name":"wp","href":"https:\/\/api.w.org\/{rel}","templated":true}]}}