{"id":16598,"date":"2022-09-08T12:41:21","date_gmt":"2022-09-08T10:41:21","guid":{"rendered":"https:\/\/www.nubeocho.com\/?post_type=product&#038;p=16598"},"modified":"2022-09-28T09:26:12","modified_gmt":"2022-09-28T07:26:12","slug":"daniela-i-les-dones-pirata-de-la-historia","status":"publish","type":"product","link":"https:\/\/www.nubeocho.com\/ca\/producte\/daniela-i-les-dones-pirata-de-la-historia\/","title":{"rendered":"Daniela i les dones pirata de la hist\u00f2ria"},"content":{"rendered":"<p class=\"ql-align-justify\">La Daniela descobreix un antic llibre de la seva \u00e0via amb les hist\u00f2ries de deu valentes dones pirata. Des de les mars de la Xina fins a les costes de Nova York, des de l&#8217;antiga Gr\u00e8cia fins als temps moderns, aquestes dones pirata van solcar els oceans a la recerca de riqueses. Encara que moltes vegades les van tractar d&#8217;impedir navegar, elles es van negar a acceptar el seu dest\u00ed o van lluitar per millorar-lo. Awilda, Mary Read, Lai Choi San, Grace O\u2019Malley, Ching Shih\u2026 Les seves vides i gestes van inspirar a la Daniela.<\/p>\n","protected":false},"excerpt":{"rendered":"<p>Coneix les vides i aventures de les deu dones pirata m\u00e9s importants de la hist\u00f2ria.<\/p>\n","protected":false},"featured_media":16599,"template":"","meta":[],"product_brand":[],"product_cat":[696,697],"product_tag":[1604,1629,1635,1608],"class_list":{"0":"post-16598","1":"product","2":"type-product","3":"status-publish","4":"has-post-thumbnail","6":"colecciones-egalite-ca","7":"edades-6-ca","8":"product_cat-cataleg","9":"product_cat-llibre-illustrat","10":"product_tag-amistat","11":"product_tag-grans-exits-els-mes-venuts","12":"product_tag-igualtat-feminisme","13":"product_tag-noies-i-nois-pirata","15":"first","16":"instock","17":"taxable","18":"shipping-taxable","19":"product-type-simple"},"acf":[],"_links":{"self":[{"href":"https:\/\/www.nubeocho.com\/ca\/wp-json\/wp\/v2\/product\/16598","targetHints":{"allow":["GET"]}}],"collection":[{"href":"https:\/\/www.nubeocho.com\/ca\/wp-json\/wp\/v2\/product"}],"about":[{"href":"https:\/\/www.nubeocho.com\/ca\/wp-json\/wp\/v2\/types\/product"}],"wp:featuredmedia":[{"embeddable":true,"href":"https:\/\/www.nubeocho.com\/ca\/wp-json\/wp\/v2\/media\/16599"}],"wp:attachment":[{"href":"https:\/\/www.nubeocho.com\/ca\/wp-json\/wp\/v2\/media?parent=16598"}],"wp:term":[{"taxonomy":"product_brand","embeddable":true,"href":"https:\/\/www.nubeocho.com\/ca\/wp-json\/wp\/v2\/product_brand?post=16598"},{"taxonomy":"product_cat","embeddable":true,"href":"https:\/\/www.nubeocho.com\/ca\/wp-json\/wp\/v2\/product_cat?post=16598"},{"taxonomy":"product_tag","embeddable":true,"href":"https:\/\/www.nubeocho.com\/ca\/wp-json\/wp\/v2\/product_tag?post=16598"}],"curies":[{"name":"wp","href":"https:\/\/api.w.org\/{rel}","templated":true}]}}