{"id":16551,"date":"2022-08-31T14:03:48","date_gmt":"2022-08-31T12:03:48","guid":{"rendered":"https:\/\/www.nubeocho.com\/?post_type=product&#038;p=16551"},"modified":"2022-08-31T14:03:48","modified_gmt":"2022-08-31T12:03:48","slug":"la-nela-i-les-onades","status":"publish","type":"product","link":"https:\/\/www.nubeocho.com\/ca\/producte\/la-nela-i-les-onades\/","title":{"rendered":"La Nela i les onades"},"content":{"rendered":"<p class=\"ql-align-justify\">La Nela navega sola en la seva petita barca, per\u00f2 la mar \u00e9s fosca i profunda, i li fa por. Al llarg del seu viatge l&#8217;acompanyen centenars de meduses, dofins, una balena i un colom\u2026 Tots ells l&#8217;ajudaran a travessar la mar.<\/p>\n<p class=\"ql-align-justify\">Aconseguir\u00e0 la Nela superar les seves pors i arribar a una nova riba?<\/p>\n","protected":false},"excerpt":{"rendered":"<p>Enfrontar-se a les pors \u00e9s dif\u00edcil, per\u00f2 el cam\u00ed \u00e9s m\u00e9s senzill si el fem acompanyats. A vegades, si mirem al nostre al voltant, ens adonem que no estem sols.<\/p>\n","protected":false},"featured_media":16552,"template":"","meta":[],"product_brand":[],"product_cat":[696,697],"product_tag":[1605,1620,1644,1638],"class_list":{"0":"post-16551","1":"product","2":"type-product","3":"status-publish","4":"has-post-thumbnail","6":"colecciones-colleccio-som8","7":"edades-4-ca","8":"product_cat-cataleg","9":"product_cat-llibre-illustrat","10":"product_tag-autors-internacionals","11":"product_tag-emocions","12":"product_tag-per-reflexionar","13":"product_tag-pors","15":"first","16":"instock","17":"taxable","18":"shipping-taxable","19":"product-type-simple"},"acf":[],"_links":{"self":[{"href":"https:\/\/www.nubeocho.com\/ca\/wp-json\/wp\/v2\/product\/16551","targetHints":{"allow":["GET"]}}],"collection":[{"href":"https:\/\/www.nubeocho.com\/ca\/wp-json\/wp\/v2\/product"}],"about":[{"href":"https:\/\/www.nubeocho.com\/ca\/wp-json\/wp\/v2\/types\/product"}],"wp:featuredmedia":[{"embeddable":true,"href":"https:\/\/www.nubeocho.com\/ca\/wp-json\/wp\/v2\/media\/16552"}],"wp:attachment":[{"href":"https:\/\/www.nubeocho.com\/ca\/wp-json\/wp\/v2\/media?parent=16551"}],"wp:term":[{"taxonomy":"product_brand","embeddable":true,"href":"https:\/\/www.nubeocho.com\/ca\/wp-json\/wp\/v2\/product_brand?post=16551"},{"taxonomy":"product_cat","embeddable":true,"href":"https:\/\/www.nubeocho.com\/ca\/wp-json\/wp\/v2\/product_cat?post=16551"},{"taxonomy":"product_tag","embeddable":true,"href":"https:\/\/www.nubeocho.com\/ca\/wp-json\/wp\/v2\/product_tag?post=16551"}],"curies":[{"name":"wp","href":"https:\/\/api.w.org\/{rel}","templated":true}]}}