{"id":16513,"date":"2022-08-31T09:16:08","date_gmt":"2022-08-31T07:16:08","guid":{"rendered":"https:\/\/www.nubeocho.com\/?post_type=product&#038;p=16513"},"modified":"2025-06-30T11:21:38","modified_gmt":"2025-06-30T09:21:38","slug":"el-ramat","status":"publish","type":"product","link":"https:\/\/www.nubeocho.com\/ca\/producte\/el-ramat\/","title":{"rendered":"El ramat"},"content":{"rendered":"<p class=\"ql-align-justify\">A en Miquel li costa dormir, aix\u00ed que cada nit compta ovelles que salten una tanca. Primer salta la Una, despr\u00e9s la Dues, la Tres i aix\u00ed fins que en Miquel s&#8217;adorm.<\/p>\n<p class=\"ql-align-justify\">Per\u00f2 una nit, l&#8217;ovella Quatre diu que est\u00e0 cansada de saltar. \u00abNo! No! I no!\u00bb, crida quan la intenten conv\u00e8ncer. Qu\u00e8 poden fer les altres ovelles del ramat?<\/p>\n","protected":false},"excerpt":{"rendered":"<p>Ser part d&#8217;un ramat d\u2019ovelles \u00e9s f\u00e0cil, nom\u00e9s cal fer el que fa la resta. Per\u00f2 la Quatre s&#8217;avorreix i decideix no seguir a les altres.<\/p>\n","protected":false},"featured_media":21352,"template":"","meta":[],"product_brand":[],"product_cat":[696,697],"product_tag":[1614,1620,1626,1632],"class_list":{"0":"post-16513","1":"product","2":"type-product","3":"status-publish","4":"has-post-thumbnail","6":"colecciones-colleccio-som8","7":"edades-3-ca","8":"product_cat-cataleg","9":"product_cat-llibre-illustrat","10":"product_tag-diversitat","11":"product_tag-emocions","12":"product_tag-familia-ca","13":"product_tag-humor-ca","15":"first","16":"instock","17":"taxable","18":"shipping-taxable","19":"product-type-simple"},"acf":[],"_links":{"self":[{"href":"https:\/\/www.nubeocho.com\/ca\/wp-json\/wp\/v2\/product\/16513","targetHints":{"allow":["GET"]}}],"collection":[{"href":"https:\/\/www.nubeocho.com\/ca\/wp-json\/wp\/v2\/product"}],"about":[{"href":"https:\/\/www.nubeocho.com\/ca\/wp-json\/wp\/v2\/types\/product"}],"wp:featuredmedia":[{"embeddable":true,"href":"https:\/\/www.nubeocho.com\/ca\/wp-json\/wp\/v2\/media\/21352"}],"wp:attachment":[{"href":"https:\/\/www.nubeocho.com\/ca\/wp-json\/wp\/v2\/media?parent=16513"}],"wp:term":[{"taxonomy":"product_brand","embeddable":true,"href":"https:\/\/www.nubeocho.com\/ca\/wp-json\/wp\/v2\/product_brand?post=16513"},{"taxonomy":"product_cat","embeddable":true,"href":"https:\/\/www.nubeocho.com\/ca\/wp-json\/wp\/v2\/product_cat?post=16513"},{"taxonomy":"product_tag","embeddable":true,"href":"https:\/\/www.nubeocho.com\/ca\/wp-json\/wp\/v2\/product_tag?post=16513"}],"curies":[{"name":"wp","href":"https:\/\/api.w.org\/{rel}","templated":true}]}}