{"id":15996,"date":"2022-09-05T07:05:00","date_gmt":"2022-09-05T05:05:00","guid":{"rendered":"https:\/\/www.nubeocho.com\/?post_type=product&#038;p=15996"},"modified":"2022-09-05T08:38:44","modified_gmt":"2022-09-05T06:38:44","slug":"ainhoa-belluguet","status":"publish","type":"product","link":"https:\/\/www.nubeocho.com\/ca\/producte\/ainhoa-belluguet\/","title":{"rendered":"Ainhoa Belluguet"},"content":{"rendered":"<p class=\"ql-align-justify\">L&#8217;Ainhoa i la seva fam\u00edlia no saben perqu\u00e8 cau tant fins que la doctora descobreix que la nena t\u00e9 una malaltia que afecta els seus m\u00fasculs.<\/p>\n<p class=\"ql-align-justify\">Amb el temps, l&#8217;Ainhoa anir\u00e0 en cadira de rodes. Per\u00f2 aix\u00f2 no la impedeix ser&#8230; la m\u00e9s entremaliada dels tres!<\/p>\n","protected":false},"excerpt":{"rendered":"<p>Una hist\u00f2ria sincera i divertida, inspirada en fets reals.<\/p>\n","protected":false},"featured_media":15997,"template":"","meta":[],"product_brand":[],"product_cat":[696,697],"product_tag":[1614,1626],"class_list":{"0":"post-15996","1":"product","2":"type-product","3":"status-publish","4":"has-post-thumbnail","6":"colecciones-colleccio-som8","7":"edades-3-ca","8":"product_cat-cataleg","9":"product_cat-llibre-illustrat","10":"product_tag-diversitat","11":"product_tag-familia-ca","13":"first","14":"instock","15":"taxable","16":"shipping-taxable","17":"product-type-simple"},"acf":[],"_links":{"self":[{"href":"https:\/\/www.nubeocho.com\/ca\/wp-json\/wp\/v2\/product\/15996","targetHints":{"allow":["GET"]}}],"collection":[{"href":"https:\/\/www.nubeocho.com\/ca\/wp-json\/wp\/v2\/product"}],"about":[{"href":"https:\/\/www.nubeocho.com\/ca\/wp-json\/wp\/v2\/types\/product"}],"wp:featuredmedia":[{"embeddable":true,"href":"https:\/\/www.nubeocho.com\/ca\/wp-json\/wp\/v2\/media\/15997"}],"wp:attachment":[{"href":"https:\/\/www.nubeocho.com\/ca\/wp-json\/wp\/v2\/media?parent=15996"}],"wp:term":[{"taxonomy":"product_brand","embeddable":true,"href":"https:\/\/www.nubeocho.com\/ca\/wp-json\/wp\/v2\/product_brand?post=15996"},{"taxonomy":"product_cat","embeddable":true,"href":"https:\/\/www.nubeocho.com\/ca\/wp-json\/wp\/v2\/product_cat?post=15996"},{"taxonomy":"product_tag","embeddable":true,"href":"https:\/\/www.nubeocho.com\/ca\/wp-json\/wp\/v2\/product_tag?post=15996"}],"curies":[{"name":"wp","href":"https:\/\/api.w.org\/{rel}","templated":true}]}}