{"id":15914,"date":"2022-04-07T13:38:29","date_gmt":"2022-04-07T11:38:29","guid":{"rendered":"https:\/\/www.nubeocho.com\/?post_type=product&#038;p=15914"},"modified":"2022-04-18T10:30:24","modified_gmt":"2022-04-18T08:30:24","slug":"que-li-passa-a-luma","status":"publish","type":"product","link":"https:\/\/www.nubeocho.com\/ca\/producte\/que-li-passa-a-luma\/","title":{"rendered":"Qu\u00e8 li passa a l&#8217;Uma?"},"content":{"rendered":"<p>Ning\u00fa no sap qu\u00e8 li passa a l&#8217;Uma. T\u00e9 la mirada perduda i els seus silencis s\u00f3n eterns. \u201cEs deu estar fent gran\u201d, pensa la seva mare. L&#8217;Uma est\u00e0 trista perqu\u00e8, en realitat, est\u00e0 patint assetjament escolar.<\/p>\n","protected":false},"excerpt":{"rendered":"<p>L&#8217;Uma est\u00e0 trista i ning\u00fa no sap qu\u00e8 li passa. Potser pateix assetjament escolar.<\/p>\n","protected":false},"featured_media":15924,"template":"","meta":[],"product_brand":[],"product_cat":[696,1394],"product_tag":[1523],"class_list":{"0":"post-15914","1":"product","2":"type-product","3":"status-publish","4":"has-post-thumbnail","6":"colecciones-egalite-ca","7":"edades-6-ca","8":"product_cat-cataleg","9":"product_cat-narrativa-ca","10":"product_tag-assetjament-escolar","12":"first","13":"instock","14":"product-type-simple"},"acf":[],"_links":{"self":[{"href":"https:\/\/www.nubeocho.com\/ca\/wp-json\/wp\/v2\/product\/15914","targetHints":{"allow":["GET"]}}],"collection":[{"href":"https:\/\/www.nubeocho.com\/ca\/wp-json\/wp\/v2\/product"}],"about":[{"href":"https:\/\/www.nubeocho.com\/ca\/wp-json\/wp\/v2\/types\/product"}],"wp:featuredmedia":[{"embeddable":true,"href":"https:\/\/www.nubeocho.com\/ca\/wp-json\/wp\/v2\/media\/15924"}],"wp:attachment":[{"href":"https:\/\/www.nubeocho.com\/ca\/wp-json\/wp\/v2\/media?parent=15914"}],"wp:term":[{"taxonomy":"product_brand","embeddable":true,"href":"https:\/\/www.nubeocho.com\/ca\/wp-json\/wp\/v2\/product_brand?post=15914"},{"taxonomy":"product_cat","embeddable":true,"href":"https:\/\/www.nubeocho.com\/ca\/wp-json\/wp\/v2\/product_cat?post=15914"},{"taxonomy":"product_tag","embeddable":true,"href":"https:\/\/www.nubeocho.com\/ca\/wp-json\/wp\/v2\/product_tag?post=15914"}],"curies":[{"name":"wp","href":"https:\/\/api.w.org\/{rel}","templated":true}]}}