{"id":15855,"date":"2022-04-01T12:43:12","date_gmt":"2022-04-01T10:43:12","guid":{"rendered":"https:\/\/www.nubeocho.com\/?post_type=product&#038;p=15855"},"modified":"2023-07-25T09:32:48","modified_gmt":"2023-07-25T07:32:48","slug":"el-mosquit","status":"publish","type":"product","link":"https:\/\/www.nubeocho.com\/ca\/producte\/el-mosquit\/","title":{"rendered":"El mosquit"},"content":{"rendered":"<p>A m\u00e9s a m\u00e9s de picar-nos, els mosquits fan moltes altres coses: viuen en tots els pa\u00efsos del m\u00f3n, als humans ens detecten a trav\u00e9s de la nostra respiraci\u00f3 i una altra curiositat \u00e9s que ens piquen tan sols les femelles, perqu\u00e8 necessiten la nostra sang per pondre ous. Poden arribar a pondre&#8217;n al voltant de 400 al dia! Per aix\u00f2 n&#8217;hi ha tants. Si no vols gaudir de la seva companyia, posa&#8217;t m\u00e0niga llarga!<\/p>\n","protected":false},"excerpt":{"rendered":"<p>A la col\u00b7lecci\u00f3 <em>Bestioles<\/em> trobarem animals dels quals no acostumem a parlar-ne. N&#8217;hi ha que diuen que s\u00f3n lletjos i altres que s\u00f3n desagradables: el poll, el cuc, el ratpenat, la rata&#8230;<\/p>\n","protected":false},"featured_media":15862,"template":"","meta":[],"product_brand":[],"product_cat":[696,697],"product_tag":[1632],"class_list":{"0":"post-15855","1":"product","2":"type-product","3":"status-publish","4":"has-post-thumbnail","6":"colecciones-bestioles","7":"edades-6-ca","8":"product_cat-cataleg","9":"product_cat-llibre-illustrat","10":"product_tag-humor-ca","12":"first","13":"instock","14":"taxable","15":"shipping-taxable","16":"product-type-simple"},"acf":[],"_links":{"self":[{"href":"https:\/\/www.nubeocho.com\/ca\/wp-json\/wp\/v2\/product\/15855","targetHints":{"allow":["GET"]}}],"collection":[{"href":"https:\/\/www.nubeocho.com\/ca\/wp-json\/wp\/v2\/product"}],"about":[{"href":"https:\/\/www.nubeocho.com\/ca\/wp-json\/wp\/v2\/types\/product"}],"wp:featuredmedia":[{"embeddable":true,"href":"https:\/\/www.nubeocho.com\/ca\/wp-json\/wp\/v2\/media\/15862"}],"wp:attachment":[{"href":"https:\/\/www.nubeocho.com\/ca\/wp-json\/wp\/v2\/media?parent=15855"}],"wp:term":[{"taxonomy":"product_brand","embeddable":true,"href":"https:\/\/www.nubeocho.com\/ca\/wp-json\/wp\/v2\/product_brand?post=15855"},{"taxonomy":"product_cat","embeddable":true,"href":"https:\/\/www.nubeocho.com\/ca\/wp-json\/wp\/v2\/product_cat?post=15855"},{"taxonomy":"product_tag","embeddable":true,"href":"https:\/\/www.nubeocho.com\/ca\/wp-json\/wp\/v2\/product_tag?post=15855"}],"curies":[{"name":"wp","href":"https:\/\/api.w.org\/{rel}","templated":true}]}}