{"id":15835,"date":"2022-04-01T12:06:03","date_gmt":"2022-04-01T10:06:03","guid":{"rendered":"https:\/\/www.nubeocho.com\/?post_type=product&#038;p=15835"},"modified":"2023-07-31T14:50:52","modified_gmt":"2023-07-31T12:50:52","slug":"la-rata","status":"publish","type":"product","link":"https:\/\/www.nubeocho.com\/ca\/producte\/la-rata\/","title":{"rendered":"La rata"},"content":{"rendered":"<p>Quines s\u00f3n les difer\u00e8ncies entre un ratol\u00ed i una rata? Sabies que les rates s\u00f3n unes aut\u00e8ntiques atletes que poden nadar, saltar molt alt i c\u00f3rrer molt de pressa? Potser t&#8217;interessa saber per a qu\u00e8 utilitzen les seves afilades dents o la seva llarga cua&#8230; En qualsevol cas, sempre que en vegis una, recorda tractar-la b\u00e9 perqu\u00e8 s\u00f3n molt intel\u00b7ligents i, qui sap!, potser et pot ajudar a fer els deures.<\/p>\n","protected":false},"excerpt":{"rendered":"<p>Tots els detalls que sempre vas voler saber sobre aquests animals, explicats amb molt d&#8217;humor per Elise Gravel, autora i il\u00b7lustradora mundialment reconeguda!<\/p>\n","protected":false},"featured_media":15843,"template":"","meta":[],"product_brand":[],"product_cat":[696,697],"product_tag":[1632],"class_list":{"0":"post-15835","1":"product","2":"type-product","3":"status-publish","4":"has-post-thumbnail","6":"colecciones-bestioles","7":"edades-6-ca","8":"product_cat-cataleg","9":"product_cat-llibre-illustrat","10":"product_tag-humor-ca","12":"first","13":"instock","14":"taxable","15":"shipping-taxable","16":"product-type-simple"},"acf":[],"_links":{"self":[{"href":"https:\/\/www.nubeocho.com\/ca\/wp-json\/wp\/v2\/product\/15835","targetHints":{"allow":["GET"]}}],"collection":[{"href":"https:\/\/www.nubeocho.com\/ca\/wp-json\/wp\/v2\/product"}],"about":[{"href":"https:\/\/www.nubeocho.com\/ca\/wp-json\/wp\/v2\/types\/product"}],"wp:featuredmedia":[{"embeddable":true,"href":"https:\/\/www.nubeocho.com\/ca\/wp-json\/wp\/v2\/media\/15843"}],"wp:attachment":[{"href":"https:\/\/www.nubeocho.com\/ca\/wp-json\/wp\/v2\/media?parent=15835"}],"wp:term":[{"taxonomy":"product_brand","embeddable":true,"href":"https:\/\/www.nubeocho.com\/ca\/wp-json\/wp\/v2\/product_brand?post=15835"},{"taxonomy":"product_cat","embeddable":true,"href":"https:\/\/www.nubeocho.com\/ca\/wp-json\/wp\/v2\/product_cat?post=15835"},{"taxonomy":"product_tag","embeddable":true,"href":"https:\/\/www.nubeocho.com\/ca\/wp-json\/wp\/v2\/product_tag?post=15835"}],"curies":[{"name":"wp","href":"https:\/\/api.w.org\/{rel}","templated":true}]}}